{"id":6790,"date":"2019-02-28T20:01:07","date_gmt":"2019-02-28T19:01:07","guid":{"rendered":"http:\/\/impreza.tsvbadkoenigshofen-tischtennis.de\/?page_id=6790"},"modified":"2025-06-29T17:23:54","modified_gmt":"2025-06-29T15:23:54","slug":"businesspartner","status":"publish","type":"page","link":"https:\/\/www.tsvbadkoenigshofen-tischtennis.de\/?page_id=6790","title":{"rendered":"Businesspartner"},"content":{"rendered":"<section class=\"l-section wpb_row height_medium\"><div class=\"l-section-h i-cf\"><div class=\"g-cols vc_row via_grid cols_1 laptops-cols_inherit tablets-cols_inherit mobiles-cols_1 valign_top type_default stacking_default\"><div class=\"wpb_column vc_column_container\"><div class=\"vc_column-inner\"><div class=\"wpb_text_column\"><div class=\"wpb_wrapper\"><p class=\"\" data-start=\"249\" data-end=\"295\"><strong data-start=\"249\" data-end=\"295\">Ein starkes Team \u2013 auf und neben dem Tisch<\/strong><\/p>\n<p class=\"\" data-start=\"297\" data-end=\"633\">Mit gro\u00dfer Freude blicken wir auf die erfolgreiche und kontinuierliche Entwicklung unseres TSV Bad K\u00f6nigshofen Tischtennis zur\u00fcck. Im achten Jahr in der h\u00f6chsten deutschen Spielklasse hat unser Team zum zweiten Mal in Folge die Playoffs erreicht \u2013 ein weiterer Meilenstein, der den TSV l\u00e4ngst \u00fcber die Region hinaus bekannt gemacht hat.<\/p>\n<p class=\"\" data-start=\"635\" data-end=\"945\">Dieser Erfolg w\u00e4re ohne Sie, unsere treuen Partner und Sponsoren, nicht m\u00f6glich. Ihre Unterst\u00fctzung macht es uns nicht nur m\u00f6glich, Tischtennis auf Weltklasseniveau in Bad K\u00f6nigshofen zu zeigen, sondern auch junge Talente zu f\u00f6rdern und die Begeisterung f\u00fcr unseren Sport weit \u00fcber die Region hinaus zu tragen.<\/p>\n<p class=\"\" data-start=\"947\" data-end=\"1314\">Als Sponsor sind Sie weit mehr als ein finanzieller F\u00f6rderer \u2013 Sie sind ein unverzichtbarer Teil unserer Gemeinschaft und ein tragender Pfeiler unserer Vision: den Tischtennissport nachhaltig zu st\u00e4rken und zukunftssicher zu gestalten. Ihr Engagement schenkt uns nicht nur die n\u00f6tige Stabilit\u00e4t, sondern auch die Motivation, diesen Weg mit Leidenschaft weiterzugehen.<\/p>\n<p class=\"\" data-start=\"1316\" data-end=\"1661\">Gerade in einer Zeit, in der Partnerschaften auf Vertrauen und echter Zusammenarbeit basieren, danken wir Ihnen von Herzen f\u00fcr Ihre herausragende Unterst\u00fctzung. Sie tragen ma\u00dfgeblich dazu bei, Spitzensport in einer strukturschwachen Region zu erm\u00f6glichen und die Marke TSV Bad K\u00f6nigshofen \u2013 sportlich wie gesellschaftlich \u2013 weiter zu etablieren.<\/p>\n<p class=\"\" data-start=\"1663\" data-end=\"1779\"><strong data-start=\"1663\" data-end=\"1779\">Liebe Fans, bitte unterst\u00fctzen auch Sie unsere Sponsoren bei Ihren Eink\u00e4ufen \u2013 sie machen unseren Sport m\u00f6glich.<\/strong><\/p>\n<\/div><\/div><\/div><\/div><\/div><\/div><\/section><section class=\"l-section wpb_row height_medium\"><div class=\"l-section-h i-cf\"><div class=\"g-cols vc_row via_grid cols_2 laptops-cols_inherit tablets-cols_inherit mobiles-cols_1 valign_top type_default stacking_default\"><div class=\"wpb_column vc_column_container\"><div class=\"vc_column-inner\"><div class=\"wpb_text_column\"><div class=\"wpb_wrapper\"><p><strong>Der K\u00fcchenladen &#8211; M\u00f6bel Weigand<\/strong><\/p>\n<p><strong>Sanit\u00e4r Ress GmbH<\/strong><\/p>\n<p><strong>AOK Bayern<\/strong><\/p>\n<p><b>Flessabank<\/b><\/p>\n<p><strong>Optik Schleelein<\/strong><\/p>\n<p><strong>Hotel Ebner<\/strong><\/p>\n<p><strong>H\u00fcmpfner-Bau<\/strong><\/p>\n<p><strong>PCBoot<\/strong><\/p>\n<p><strong>H\u00f6chemer B\u00fcrokonzepte<\/strong><\/p>\n<p><strong>Hagebaumarkt Hildburghausen<\/strong><\/p>\n<\/div><\/div><\/div><\/div><div class=\"wpb_column vc_column_container\"><div class=\"vc_column-inner\"><div class=\"wpb_text_column\"><div class=\"wpb_wrapper\"><p><strong>MainPost Rh\u00f6n-Grabfeld<\/strong><\/p>\n<p><strong>Schreinerei Wohlfart<\/strong><\/p>\n<p><strong>Schreinerei Heusinger<\/strong><\/p>\n<p><strong>caldatrac Industrieofenbau<\/strong><\/p>\n<p><strong>autotherm Nenninger<\/strong><\/p>\n<p><strong>R\u00fcth &amp; Schwarz<\/strong><\/p>\n<p><strong>Haschke Garten- und Landschaftsgestaltung<\/strong><\/p>\n<p><strong>Main Post<\/strong><\/p>\n<p><strong>M\u00fcller systems<\/strong><\/p>\n<p><strong>Steinbach Gruppe Salz<\/strong><\/p>\n<\/div><\/div><div class=\"wpb_text_column\"><div class=\"wpb_wrapper\"><\/div><\/div><\/div><\/div><\/div><\/div><\/section><section class=\"l-section wpb_row height_medium\"><div class=\"l-section-h i-cf\"><div class=\"g-cols vc_row via_grid cols_1 laptops-cols_inherit tablets-cols_inherit mobiles-cols_1 valign_top type_default stacking_default\"><div class=\"wpb_column vc_column_container\"><div class=\"vc_column-inner\"><\/div><\/div><\/div><\/div><\/section>\n","protected":false},"excerpt":{"rendered":"Ein starkes Team \u2013 auf und neben dem Tisch Mit gro\u00dfer Freude blicken wir auf die erfolgreiche und kontinuierliche Entwicklung unseres TSV Bad K\u00f6nigshofen Tischtennis zur\u00fcck. Im achten Jahr in der h\u00f6chsten deutschen Spielklasse hat unser Team zum zweiten Mal in Folge die Playoffs erreicht \u2013 ein weiterer Meilenstein, der den TSV l\u00e4ngst \u00fcber die...","protected":false},"author":1,"featured_media":0,"parent":0,"menu_order":0,"comment_status":"closed","ping_status":"closed","template":"","meta":{"_acf_changed":false,"footnotes":""},"class_list":["post-6790","page","type-page","status-publish","hentry"],"acf":[],"_links":{"self":[{"href":"https:\/\/www.tsvbadkoenigshofen-tischtennis.de\/index.php?rest_route=\/wp\/v2\/pages\/6790","targetHints":{"allow":["GET"]}}],"collection":[{"href":"https:\/\/www.tsvbadkoenigshofen-tischtennis.de\/index.php?rest_route=\/wp\/v2\/pages"}],"about":[{"href":"https:\/\/www.tsvbadkoenigshofen-tischtennis.de\/index.php?rest_route=\/wp\/v2\/types\/page"}],"author":[{"embeddable":true,"href":"https:\/\/www.tsvbadkoenigshofen-tischtennis.de\/index.php?rest_route=\/wp\/v2\/users\/1"}],"replies":[{"embeddable":true,"href":"https:\/\/www.tsvbadkoenigshofen-tischtennis.de\/index.php?rest_route=%2Fwp%2Fv2%2Fcomments&post=6790"}],"version-history":[{"count":32,"href":"https:\/\/www.tsvbadkoenigshofen-tischtennis.de\/index.php?rest_route=\/wp\/v2\/pages\/6790\/revisions"}],"predecessor-version":[{"id":12504,"href":"https:\/\/www.tsvbadkoenigshofen-tischtennis.de\/index.php?rest_route=\/wp\/v2\/pages\/6790\/revisions\/12504"}],"wp:attachment":[{"href":"https:\/\/www.tsvbadkoenigshofen-tischtennis.de\/index.php?rest_route=%2Fwp%2Fv2%2Fmedia&parent=6790"}],"curies":[{"name":"wp","href":"https:\/\/api.w.org\/{rel}","templated":true}]}}