{"id":6788,"date":"2019-02-28T20:00:06","date_gmt":"2019-02-28T19:00:06","guid":{"rendered":"http:\/\/impreza.tsvbadkoenigshofen-tischtennis.de\/?page_id=6788"},"modified":"2025-11-24T20:09:05","modified_gmt":"2025-11-24T19:09:05","slug":"premiumpartner","status":"publish","type":"page","link":"https:\/\/www.tsvbadkoenigshofen-tischtennis.de\/?page_id=6788","title":{"rendered":"Silber- und Bronzepartner"},"content":{"rendered":"<section class=\"l-section wpb_row height_medium\"><div class=\"l-section-h i-cf\"><div class=\"g-cols vc_row via_grid cols_1 laptops-cols_inherit tablets-cols_inherit mobiles-cols_1 valign_top type_default stacking_default\"><div class=\"wpb_column vc_column_container\"><div class=\"vc_column-inner\"><div class=\"wpb_text_column\"><div class=\"wpb_wrapper\"><p class=\"\" data-start=\"249\" data-end=\"295\"><strong data-start=\"249\" data-end=\"295\">Ein starkes Team \u2013 auf und neben dem Tisch<\/strong><\/p>\n<p class=\"\" data-start=\"297\" data-end=\"633\">Mit gro\u00dfer Freude blicken wir auf die erfolgreiche und kontinuierliche Entwicklung unseres TSV Bad K\u00f6nigshofen Tischtennis zur\u00fcck. Im achten Jahr in der h\u00f6chsten deutschen Spielklasse hat unser Team zum zweiten Mal in Folge die Playoffs erreicht \u2013 ein weiterer Meilenstein, der den TSV l\u00e4ngst \u00fcber die Region hinaus bekannt gemacht hat.<\/p>\n<p class=\"\" data-start=\"635\" data-end=\"945\">Dieser Erfolg w\u00e4re ohne Sie, unsere treuen Partner und Sponsoren, nicht m\u00f6glich. Ihre Unterst\u00fctzung macht es uns nicht nur m\u00f6glich, Tischtennis auf Weltklasseniveau in Bad K\u00f6nigshofen zu zeigen, sondern auch junge Talente zu f\u00f6rdern und die Begeisterung f\u00fcr unseren Sport weit \u00fcber die Region hinaus zu tragen.<\/p>\n<p class=\"\" data-start=\"947\" data-end=\"1314\">Als Sponsor sind Sie weit mehr als ein finanzieller F\u00f6rderer \u2013 Sie sind ein unverzichtbarer Teil unserer Gemeinschaft und ein tragender Pfeiler unserer Vision: den Tischtennissport nachhaltig zu st\u00e4rken und zukunftssicher zu gestalten. Ihr Engagement schenkt uns nicht nur die n\u00f6tige Stabilit\u00e4t, sondern auch die Motivation, diesen Weg mit Leidenschaft weiterzugehen.<\/p>\n<p class=\"\" data-start=\"1316\" data-end=\"1661\">Gerade in einer Zeit, in der Partnerschaften auf Vertrauen und echter Zusammenarbeit basieren, danken wir Ihnen von Herzen f\u00fcr Ihre herausragende Unterst\u00fctzung. Sie tragen ma\u00dfgeblich dazu bei, Spitzensport in einer strukturschwachen Region zu erm\u00f6glichen und die Marke TSV Bad K\u00f6nigshofen \u2013 sportlich wie gesellschaftlich \u2013 weiter zu etablieren.<\/p>\n<p class=\"\" data-start=\"1663\" data-end=\"1779\"><strong data-start=\"1663\" data-end=\"1779\">Liebe Fans, bitte unterst\u00fctzen auch Sie unsere Sponsoren bei Ihren Eink\u00e4ufen \u2013 sie machen unseren Sport m\u00f6glich.<\/strong><\/p>\n<\/div><\/div><\/div><\/div><\/div><\/div><\/section><section class=\"l-section wpb_row height_medium\"><div class=\"l-section-h i-cf\"><div class=\"g-cols vc_row via_grid cols_1 laptops-cols_inherit tablets-cols_inherit mobiles-cols_1 valign_top type_default stacking_default\"><div class=\"wpb_column vc_column_container\"><div class=\"vc_column-inner\"><div class=\"wpb_text_column\"><div class=\"wpb_wrapper\"><p style=\"text-align: center;\"><span style=\"font-size: 24pt; color: #999999;\">Silberpartner<\/span><\/p>\n<\/div><\/div><\/div><\/div><\/div><\/div><\/section><section class=\"l-section wpb_row height_medium\"><div class=\"l-section-h i-cf\"><div class=\"g-cols vc_row via_grid cols_3 laptops-cols_inherit tablets-cols_inherit mobiles-cols_1 valign_top type_default stacking_default\"><div class=\"wpb_column vc_column_container\"><div class=\"vc_column-inner\"><div class=\"w-separator size_medium\"><\/div><div class=\"w-image align_none\"><a href=\"https:\/\/flugsimulatorfrankfurt.com\" aria-label=\"Screenshot\" class=\"w-image-h\"><img decoding=\"async\" width=\"922\" height=\"410\" src=\"https:\/\/www.tsvbadkoenigshofen-tischtennis.de\/wp-content\/uploads\/2025\/11\/Flugsimulator-Logo.jpg\" class=\"attachment-large size-large\" alt=\"\" loading=\"lazy\" srcset=\"https:\/\/www.tsvbadkoenigshofen-tischtennis.de\/wp-content\/uploads\/2025\/11\/Flugsimulator-Logo.jpg 922w, https:\/\/www.tsvbadkoenigshofen-tischtennis.de\/wp-content\/uploads\/2025\/11\/Flugsimulator-Logo-300x133.jpg 300w, https:\/\/www.tsvbadkoenigshofen-tischtennis.de\/wp-content\/uploads\/2025\/11\/Flugsimulator-Logo-600x267.jpg 600w\" sizes=\"auto, (max-width: 922px) 100vw, 922px\" \/><\/a><\/div><div class=\"w-separator size_medium\"><\/div><div class=\"w-image align_center\"><a target=\" _blank\" rel=\"nofollow\" href=\"https:\/\/zehner-gruppe.de\/\" aria-label=\"Zehner\" class=\"w-image-h\"><img decoding=\"async\" width=\"235\" height=\"79\" src=\"https:\/\/www.tsvbadkoenigshofen-tischtennis.de\/wp-content\/uploads\/2019\/03\/Zehner.jpg\" class=\"attachment-medium size-medium\" alt=\"\" loading=\"lazy\" \/><\/a><\/div><div class=\"w-separator size_medium\"><\/div><div class=\"w-image align_center\"><a target=\" _blank\" rel=\"nofollow\" href=\"https:\/\/www.frankentherme.de\/\" aria-label=\"FTBKH_Layout_01_02_4c\" class=\"w-image-h\"><img decoding=\"async\" width=\"300\" height=\"143\" src=\"https:\/\/www.tsvbadkoenigshofen-tischtennis.de\/wp-content\/uploads\/2019\/03\/FrankenTherme-300x143.jpg\" class=\"attachment-medium size-medium\" alt=\"\" loading=\"lazy\" srcset=\"https:\/\/www.tsvbadkoenigshofen-tischtennis.de\/wp-content\/uploads\/2019\/03\/FrankenTherme-300x143.jpg 300w, https:\/\/www.tsvbadkoenigshofen-tischtennis.de\/wp-content\/uploads\/2019\/03\/FrankenTherme-600x286.jpg 600w, https:\/\/www.tsvbadkoenigshofen-tischtennis.de\/wp-content\/uploads\/2019\/03\/FrankenTherme.jpg 800w\" sizes=\"auto, (max-width: 300px) 100vw, 300px\" \/><\/a><\/div><div class=\"w-separator size_medium\"><\/div><div class=\"w-image align_center\"><a target=\" _blank\" rel=\"nofollow\" href=\"https:\/\/www.sparkasse-badneustadt.de\/\" aria-label=\"Sparkasse\" class=\"w-image-h\"><img decoding=\"async\" width=\"275\" height=\"92\" src=\"https:\/\/www.tsvbadkoenigshofen-tischtennis.de\/wp-content\/uploads\/2019\/03\/Sparkasse.jpg\" class=\"attachment-medium size-medium\" alt=\"\" loading=\"lazy\" \/><\/a><\/div><div class=\"w-separator size_medium\"><\/div><\/div><\/div><div class=\"wpb_column vc_column_container\"><div class=\"vc_column-inner\"><div class=\"w-separator size_medium\"><\/div><div class=\"w-image align_center\"><a target=\" _blank\" rel=\"nofollow\" href=\"https:\/\/www.vr-bank-mr.de\/\" aria-label=\"VR-Bank_Main-Rh\u00f6n\" class=\"w-image-h\"><img decoding=\"async\" width=\"300\" height=\"77\" src=\"https:\/\/www.tsvbadkoenigshofen-tischtennis.de\/wp-content\/uploads\/2023\/01\/VR-Bank_Main-Rhoen-300x77.jpg\" class=\"attachment-medium size-medium\" alt=\"\" loading=\"lazy\" srcset=\"https:\/\/www.tsvbadkoenigshofen-tischtennis.de\/wp-content\/uploads\/2023\/01\/VR-Bank_Main-Rhoen-300x77.jpg 300w, https:\/\/www.tsvbadkoenigshofen-tischtennis.de\/wp-content\/uploads\/2023\/01\/VR-Bank_Main-Rhoen-1024x264.jpg 1024w, https:\/\/www.tsvbadkoenigshofen-tischtennis.de\/wp-content\/uploads\/2023\/01\/VR-Bank_Main-Rhoen-600x155.jpg 600w\" sizes=\"auto, (max-width: 300px) 100vw, 300px\" \/><\/a><\/div><div class=\"w-separator size_medium\"><\/div><div class=\"w-image align_none\"><a href=\"https:\/\/www.concert-media.de\" aria-label=\"concert media\" class=\"w-image-h\"><img decoding=\"async\" width=\"540\" height=\"277\" src=\"https:\/\/www.tsvbadkoenigshofen-tischtennis.de\/wp-content\/uploads\/2025\/06\/concert-media.jpg\" class=\"attachment-large size-large\" alt=\"\" loading=\"lazy\" srcset=\"https:\/\/www.tsvbadkoenigshofen-tischtennis.de\/wp-content\/uploads\/2025\/06\/concert-media.jpg 540w, https:\/\/www.tsvbadkoenigshofen-tischtennis.de\/wp-content\/uploads\/2025\/06\/concert-media-300x154.jpg 300w\" sizes=\"auto, (max-width: 540px) 100vw, 540px\" \/><\/a><\/div><div class=\"w-separator size_medium\"><\/div><div class=\"w-image align_center\"><a target=\"_blank\" rel=\"nofollow\" href=\"https:\/\/www.spielbanken-bayern.de\/spielbanken\/bad-kissingen\/erlebnis-spielbank-buhne-bar-restaurant-casino\" aria-label=\"spielbank-kissingen-logo-1\" class=\"w-image-h\"><img decoding=\"async\" width=\"300\" height=\"57\" src=\"https:\/\/www.tsvbadkoenigshofen-tischtennis.de\/wp-content\/uploads\/2024\/12\/spielbank-kissingen-logo-1.png\" class=\"attachment-medium size-medium\" alt=\"\" loading=\"lazy\" \/><\/a><\/div><div class=\"w-separator size_medium\"><\/div><\/div><\/div><div class=\"wpb_column vc_column_container\"><div class=\"vc_column-inner\"><div class=\"w-image align_center\"><a target=\" _blank\" rel=\"nofollow\" href=\"https:\/\/wir-sind-ullmer.de\/\" aria-label=\"Ullmer\" class=\"w-image-h\"><img decoding=\"async\" width=\"300\" height=\"105\" src=\"https:\/\/www.tsvbadkoenigshofen-tischtennis.de\/wp-content\/uploads\/2019\/03\/Ullmer-300x105.jpg\" class=\"attachment-medium size-medium\" alt=\"\" loading=\"lazy\" srcset=\"https:\/\/www.tsvbadkoenigshofen-tischtennis.de\/wp-content\/uploads\/2019\/03\/Ullmer-300x105.jpg 300w, https:\/\/www.tsvbadkoenigshofen-tischtennis.de\/wp-content\/uploads\/2019\/03\/Ullmer.jpg 497w\" sizes=\"auto, (max-width: 300px) 100vw, 300px\" \/><\/a><\/div><div class=\"w-separator size_medium\"><\/div><div class=\"w-image align_center\"><a target=\" _blank\" rel=\"nofollow\" href=\"https:\/\/www.cube-store-rhoen.de\/\" aria-label=\"CUBE\" class=\"w-image-h\"><img decoding=\"async\" width=\"163\" height=\"191\" src=\"https:\/\/www.tsvbadkoenigshofen-tischtennis.de\/wp-content\/uploads\/2023\/01\/CUBE.jpg\" class=\"attachment-medium size-medium\" alt=\"\" loading=\"lazy\" \/><\/a><\/div><div class=\"w-separator size_medium\"><\/div><div class=\"w-image align_none\"><a href=\"https:\/\/www.aok.de\/pk\/\" aria-label=\"AOKBayern\" class=\"w-image-h\"><img decoding=\"async\" width=\"301\" height=\"143\" src=\"https:\/\/www.tsvbadkoenigshofen-tischtennis.de\/wp-content\/uploads\/2019\/08\/AOKBayern-1.jpg\" class=\"attachment-large size-large\" alt=\"\" loading=\"lazy\" srcset=\"https:\/\/www.tsvbadkoenigshofen-tischtennis.de\/wp-content\/uploads\/2019\/08\/AOKBayern-1.jpg 301w, https:\/\/www.tsvbadkoenigshofen-tischtennis.de\/wp-content\/uploads\/2019\/08\/AOKBayern-1-300x143.jpg 300w\" sizes=\"auto, (max-width: 301px) 100vw, 301px\" \/><\/a><\/div><div class=\"w-separator size_medium\"><\/div><div class=\"w-image align_center\"><a target=\" _blank\" rel=\"nofollow\" href=\"https:\/\/www.schlundhaus.de\/\" aria-label=\"Schlundhaus\" class=\"w-image-h\"><img decoding=\"async\" width=\"300\" height=\"213\" src=\"https:\/\/www.tsvbadkoenigshofen-tischtennis.de\/wp-content\/uploads\/2019\/03\/Schlundhaus-300x213.jpg\" class=\"attachment-medium size-medium\" alt=\"\" loading=\"lazy\" srcset=\"https:\/\/www.tsvbadkoenigshofen-tischtennis.de\/wp-content\/uploads\/2019\/03\/Schlundhaus-300x213.jpg 300w, https:\/\/www.tsvbadkoenigshofen-tischtennis.de\/wp-content\/uploads\/2019\/03\/Schlundhaus.jpg 448w\" sizes=\"auto, (max-width: 300px) 100vw, 300px\" \/><\/a><\/div><div class=\"w-separator size_medium\"><\/div><\/div><\/div><\/div><\/div><\/section><section class=\"l-section wpb_row height_medium\"><div class=\"l-section-h i-cf\"><div class=\"g-cols vc_row via_grid cols_1 laptops-cols_inherit tablets-cols_inherit mobiles-cols_1 valign_top type_default stacking_default\"><div class=\"wpb_column vc_column_container\"><div class=\"vc_column-inner\"><div class=\"wpb_text_column\"><div class=\"wpb_wrapper\"><p style=\"text-align: center;\"><span style=\"font-size: 24pt; color: #967444;\">Bronzepartner<\/span><\/p>\n<\/div><\/div><\/div><\/div><\/div><\/div><\/section><section class=\"l-section wpb_row height_medium\"><div class=\"l-section-h i-cf\"><div class=\"g-cols vc_row via_grid cols_3 laptops-cols_inherit tablets-cols_inherit mobiles-cols_1 valign_top type_default stacking_default\"><div class=\"wpb_column vc_column_container\"><div class=\"vc_column-inner\"><div class=\"w-separator size_medium\"><\/div><div class=\"w-image align_center\"><a target=\" _blank\" rel=\"nofollow\" href=\"https:\/\/buchert-praezisionstechnik.de\/\" aria-label=\"Buchert\" class=\"w-image-h\"><img decoding=\"async\" width=\"235\" height=\"95\" src=\"https:\/\/www.tsvbadkoenigshofen-tischtennis.de\/wp-content\/uploads\/2019\/03\/Buchert.jpg\" class=\"attachment-medium size-medium\" alt=\"\" loading=\"lazy\" \/><\/a><\/div><div class=\"w-separator size_medium\"><\/div><div class=\"w-image align_center\"><a target=\"_blank\" rel=\"nofollow\" href=\"https:\/\/www.activo-haus.de\/\" aria-label=\"Wentorf-Bulheller\" class=\"w-image-h\"><img decoding=\"async\" width=\"300\" height=\"225\" src=\"https:\/\/www.tsvbadkoenigshofen-tischtennis.de\/wp-content\/uploads\/2023\/01\/Wentorf-Bulheller-300x225.jpg\" class=\"attachment-medium size-medium\" alt=\"\" loading=\"lazy\" srcset=\"https:\/\/www.tsvbadkoenigshofen-tischtennis.de\/wp-content\/uploads\/2023\/01\/Wentorf-Bulheller-300x225.jpg 300w, https:\/\/www.tsvbadkoenigshofen-tischtennis.de\/wp-content\/uploads\/2023\/01\/Wentorf-Bulheller-1024x768.jpg 1024w, https:\/\/www.tsvbadkoenigshofen-tischtennis.de\/wp-content\/uploads\/2023\/01\/Wentorf-Bulheller-600x450.jpg 600w\" sizes=\"auto, (max-width: 300px) 100vw, 300px\" \/><\/a><\/div><div class=\"w-separator size_medium\"><\/div><div class=\"w-image align_none\"><a href=\"https:\/\/handschuh-dach.de\" aria-label=\"Handschuh_Rundes_Logo_3_Gewerke\" class=\"w-image-h\"><img decoding=\"async\" width=\"300\" height=\"297\" src=\"https:\/\/www.tsvbadkoenigshofen-tischtennis.de\/wp-content\/uploads\/2025\/02\/Handschuh_Rundes_Logo_3_Gewerke-300x297.png\" class=\"attachment-medium size-medium\" alt=\"\" loading=\"lazy\" srcset=\"https:\/\/www.tsvbadkoenigshofen-tischtennis.de\/wp-content\/uploads\/2025\/02\/Handschuh_Rundes_Logo_3_Gewerke-300x297.png 300w, https:\/\/www.tsvbadkoenigshofen-tischtennis.de\/wp-content\/uploads\/2025\/02\/Handschuh_Rundes_Logo_3_Gewerke-1024x1015.png 1024w, https:\/\/www.tsvbadkoenigshofen-tischtennis.de\/wp-content\/uploads\/2025\/02\/Handschuh_Rundes_Logo_3_Gewerke-150x150.png 150w, https:\/\/www.tsvbadkoenigshofen-tischtennis.de\/wp-content\/uploads\/2025\/02\/Handschuh_Rundes_Logo_3_Gewerke-600x595.png 600w\" sizes=\"auto, (max-width: 300px) 100vw, 300px\" \/><\/a><\/div><div class=\"w-separator size_medium\"><\/div><div class=\"w-image align_center\"><a target=\"_blank\" rel=\"nofollow\" href=\"https:\/\/mueller-systems.eu\/\" aria-label=\"logo-kompakt-m\u00fcller-systems-gmbh-rgb\" class=\"w-image-h\"><img decoding=\"async\" width=\"300\" height=\"166\" src=\"https:\/\/www.tsvbadkoenigshofen-tischtennis.de\/wp-content\/uploads\/2024\/04\/logo-kompakt-mueller-systems-gmbh-rgb-1-300x166.png\" class=\"attachment-medium size-medium\" alt=\"\" loading=\"lazy\" srcset=\"https:\/\/www.tsvbadkoenigshofen-tischtennis.de\/wp-content\/uploads\/2024\/04\/logo-kompakt-mueller-systems-gmbh-rgb-1-300x166.png 300w, https:\/\/www.tsvbadkoenigshofen-tischtennis.de\/wp-content\/uploads\/2024\/04\/logo-kompakt-mueller-systems-gmbh-rgb-1-1024x566.png 1024w, https:\/\/www.tsvbadkoenigshofen-tischtennis.de\/wp-content\/uploads\/2024\/04\/logo-kompakt-mueller-systems-gmbh-rgb-1-600x332.png 600w, https:\/\/www.tsvbadkoenigshofen-tischtennis.de\/wp-content\/uploads\/2024\/04\/logo-kompakt-mueller-systems-gmbh-rgb-1.png 1861w\" sizes=\"auto, (max-width: 300px) 100vw, 300px\" \/><\/a><\/div><div class=\"w-separator size_medium\"><\/div><div class=\"w-image align_none\"><a href=\"https:\/\/steuerberater-heumann.de\" aria-label=\"Steuerb\u00fcro Heumann\" class=\"w-image-h\"><img decoding=\"async\" width=\"469\" height=\"257\" src=\"https:\/\/www.tsvbadkoenigshofen-tischtennis.de\/wp-content\/uploads\/2025\/06\/Steuerbuero-Heumann.jpg\" class=\"attachment-large size-large\" alt=\"\" loading=\"lazy\" srcset=\"https:\/\/www.tsvbadkoenigshofen-tischtennis.de\/wp-content\/uploads\/2025\/06\/Steuerbuero-Heumann.jpg 469w, https:\/\/www.tsvbadkoenigshofen-tischtennis.de\/wp-content\/uploads\/2025\/06\/Steuerbuero-Heumann-300x164.jpg 300w\" sizes=\"auto, (max-width: 469px) 100vw, 469px\" \/><\/a><\/div><div class=\"w-separator size_medium\"><\/div><\/div><\/div><div class=\"wpb_column vc_column_container\"><div class=\"vc_column-inner\"><div class=\"w-image align_none\"><a href=\"http:\/\/www.wasserbotschaften.eu\/\" aria-label=\"Preis Werbebanner\" class=\"w-image-h\"><img decoding=\"async\" width=\"906\" height=\"266\" src=\"https:\/\/www.tsvbadkoenigshofen-tischtennis.de\/wp-content\/uploads\/2025\/09\/Preis-Werbebanner.jpg\" class=\"attachment-large size-large\" alt=\"\" loading=\"lazy\" srcset=\"https:\/\/www.tsvbadkoenigshofen-tischtennis.de\/wp-content\/uploads\/2025\/09\/Preis-Werbebanner.jpg 906w, https:\/\/www.tsvbadkoenigshofen-tischtennis.de\/wp-content\/uploads\/2025\/09\/Preis-Werbebanner-300x88.jpg 300w, https:\/\/www.tsvbadkoenigshofen-tischtennis.de\/wp-content\/uploads\/2025\/09\/Preis-Werbebanner-600x176.jpg 600w\" sizes=\"auto, (max-width: 906px) 100vw, 906px\" \/><\/a><\/div><div class=\"w-separator size_medium\"><\/div><div class=\"w-image align_center\"><a target=\"_blank\" rel=\"nofollow\" href=\"https:\/\/www.albanschmitt-baut.de\/\" aria-label=\"Bauunternehmen_Alban_Schmitt\" class=\"w-image-h\"><img decoding=\"async\" width=\"300\" height=\"212\" src=\"https:\/\/www.tsvbadkoenigshofen-tischtennis.de\/wp-content\/uploads\/2023\/03\/Bauunternehmen_Alban_Schmitt-300x212.jpg\" class=\"attachment-medium size-medium\" alt=\"\" loading=\"lazy\" srcset=\"https:\/\/www.tsvbadkoenigshofen-tischtennis.de\/wp-content\/uploads\/2023\/03\/Bauunternehmen_Alban_Schmitt-300x212.jpg 300w, https:\/\/www.tsvbadkoenigshofen-tischtennis.de\/wp-content\/uploads\/2023\/03\/Bauunternehmen_Alban_Schmitt-1024x724.jpg 1024w, https:\/\/www.tsvbadkoenigshofen-tischtennis.de\/wp-content\/uploads\/2023\/03\/Bauunternehmen_Alban_Schmitt-600x424.jpg 600w\" sizes=\"auto, (max-width: 300px) 100vw, 300px\" \/><\/a><\/div><div class=\"w-separator size_medium\"><\/div><div class=\"w-image align_center\"><a target=\"_blank\" rel=\"nofollow\" href=\"https:\/\/www.guentherfachhandel.de\/\" aria-label=\"G\u00fcnther_Fachhandel\" class=\"w-image-h\"><img decoding=\"async\" width=\"232\" height=\"127\" src=\"https:\/\/www.tsvbadkoenigshofen-tischtennis.de\/wp-content\/uploads\/2023\/01\/Guenther_Fachhandel.jpg\" class=\"attachment-medium size-medium\" alt=\"\" loading=\"lazy\" \/><\/a><\/div><div class=\"w-separator size_medium\"><\/div><div class=\"w-image align_center\"><a target=\"_blank\" rel=\"nofollow\" href=\"https:\/\/www.schnaus.de\/\" aria-label=\"Spedition_Schnaus\" class=\"w-image-h\"><img decoding=\"async\" width=\"300\" height=\"54\" src=\"https:\/\/www.tsvbadkoenigshofen-tischtennis.de\/wp-content\/uploads\/2023\/05\/Spedition_Schnaus-300x54.png\" class=\"attachment-medium size-medium\" alt=\"\" loading=\"lazy\" srcset=\"https:\/\/www.tsvbadkoenigshofen-tischtennis.de\/wp-content\/uploads\/2023\/05\/Spedition_Schnaus-300x54.png 300w, https:\/\/www.tsvbadkoenigshofen-tischtennis.de\/wp-content\/uploads\/2023\/05\/Spedition_Schnaus-1024x183.png 1024w, https:\/\/www.tsvbadkoenigshofen-tischtennis.de\/wp-content\/uploads\/2023\/05\/Spedition_Schnaus-600x107.png 600w, https:\/\/www.tsvbadkoenigshofen-tischtennis.de\/wp-content\/uploads\/2023\/05\/Spedition_Schnaus.png 1506w\" sizes=\"auto, (max-width: 300px) 100vw, 300px\" \/><\/a><\/div><div class=\"w-separator size_medium\"><\/div><div class=\"w-image align_none\"><a href=\"https:\/\/renault-vorndran-badneustadt.de\" aria-label=\"Autohaus Vorndran\" class=\"w-image-h\"><img decoding=\"async\" width=\"544\" height=\"128\" src=\"https:\/\/www.tsvbadkoenigshofen-tischtennis.de\/wp-content\/uploads\/2025\/06\/Autohaus-Vorndran-1.jpg\" class=\"attachment-large size-large\" alt=\"\" loading=\"lazy\" srcset=\"https:\/\/www.tsvbadkoenigshofen-tischtennis.de\/wp-content\/uploads\/2025\/06\/Autohaus-Vorndran-1.jpg 544w, https:\/\/www.tsvbadkoenigshofen-tischtennis.de\/wp-content\/uploads\/2025\/06\/Autohaus-Vorndran-1-300x71.jpg 300w\" sizes=\"auto, (max-width: 544px) 100vw, 544px\" \/><\/a><\/div><div class=\"w-separator size_medium\"><\/div><div class=\"w-image align_none\"><div class=\"w-image-h\"><img decoding=\"async\" width=\"433\" height=\"279\" src=\"https:\/\/www.tsvbadkoenigshofen-tischtennis.de\/wp-content\/uploads\/2025\/06\/Baumbach.jpg\" class=\"attachment-large size-large\" alt=\"\" loading=\"lazy\" srcset=\"https:\/\/www.tsvbadkoenigshofen-tischtennis.de\/wp-content\/uploads\/2025\/06\/Baumbach.jpg 433w, https:\/\/www.tsvbadkoenigshofen-tischtennis.de\/wp-content\/uploads\/2025\/06\/Baumbach-300x193.jpg 300w\" sizes=\"auto, (max-width: 433px) 100vw, 433px\" \/><\/div><\/div><\/div><\/div><div class=\"wpb_column vc_column_container\"><div class=\"vc_column-inner\"><div class=\"w-image align_center\"><a target=\" _blank\" rel=\"nofollow\" href=\"https:\/\/www.hagebau-hildburghausen.de\/\" aria-label=\"Hagebaumarkt\" class=\"w-image-h\"><img decoding=\"async\" width=\"300\" height=\"61\" src=\"https:\/\/www.tsvbadkoenigshofen-tischtennis.de\/wp-content\/uploads\/2019\/03\/Hagebaumarkt-300x61.jpg\" class=\"attachment-medium size-medium\" alt=\"\" loading=\"lazy\" srcset=\"https:\/\/www.tsvbadkoenigshofen-tischtennis.de\/wp-content\/uploads\/2019\/03\/Hagebaumarkt-300x61.jpg 300w, https:\/\/www.tsvbadkoenigshofen-tischtennis.de\/wp-content\/uploads\/2019\/03\/Hagebaumarkt-600x121.jpg 600w, https:\/\/www.tsvbadkoenigshofen-tischtennis.de\/wp-content\/uploads\/2019\/03\/Hagebaumarkt.jpg 629w\" sizes=\"auto, (max-width: 300px) 100vw, 300px\" \/><\/a><\/div><div class=\"w-separator size_medium\"><\/div><div class=\"w-image align_center\"><a target=\"_blank\" rel=\"nofollow\" href=\"https:\/\/www.mercedes-benz-emilfrey-mainfranken.de\/\" aria-label=\"emilfreymercedes\" class=\"w-image-h\"><img decoding=\"async\" width=\"300\" height=\"197\" src=\"https:\/\/www.tsvbadkoenigshofen-tischtennis.de\/wp-content\/uploads\/2024\/12\/emilfreymercedes.png\" class=\"attachment-medium size-medium\" alt=\"\" loading=\"lazy\" \/><\/a><\/div><div class=\"w-separator size_medium\"><\/div><div class=\"w-image align_center\"><a target=\"_blank\" rel=\"nofollow\" href=\"https:\/\/www.rewe.de\/\" aria-label=\"REWE\" class=\"w-image-h\"><img decoding=\"async\" width=\"300\" height=\"258\" src=\"https:\/\/www.tsvbadkoenigshofen-tischtennis.de\/wp-content\/uploads\/2023\/03\/REWE-300x258.jpg\" class=\"attachment-medium size-medium\" alt=\"\" loading=\"lazy\" srcset=\"https:\/\/www.tsvbadkoenigshofen-tischtennis.de\/wp-content\/uploads\/2023\/03\/REWE-300x258.jpg 300w, https:\/\/www.tsvbadkoenigshofen-tischtennis.de\/wp-content\/uploads\/2023\/03\/REWE-1024x880.jpg 1024w, https:\/\/www.tsvbadkoenigshofen-tischtennis.de\/wp-content\/uploads\/2023\/03\/REWE-600x515.jpg 600w, https:\/\/www.tsvbadkoenigshofen-tischtennis.de\/wp-content\/uploads\/2023\/03\/REWE.jpg 1489w\" sizes=\"auto, (max-width: 300px) 100vw, 300px\" \/><\/a><\/div><div class=\"w-separator size_medium\"><\/div><div class=\"w-image align_center\"><a target=\" _blank\" rel=\"nofollow\" href=\"https:\/\/www.bienen-ruck.de\/\" aria-label=\"Bienen_Ruck\" class=\"w-image-h\"><img decoding=\"async\" width=\"300\" height=\"157\" src=\"https:\/\/www.tsvbadkoenigshofen-tischtennis.de\/wp-content\/uploads\/2021\/07\/Bienen_Ruck.jpg\" class=\"attachment-medium size-medium\" alt=\"\" loading=\"lazy\" \/><\/a><\/div><div class=\"w-separator size_medium\"><\/div><div class=\"w-image align_none\"><div class=\"w-image-h\"><img decoding=\"async\" width=\"217\" height=\"100\" src=\"https:\/\/www.tsvbadkoenigshofen-tischtennis.de\/wp-content\/uploads\/2019\/04\/Rahmen-Shakehands.jpg\" class=\"attachment-large size-large\" alt=\"\" loading=\"lazy\" \/><\/div><\/div><div class=\"w-separator size_medium\"><\/div><div class=\"w-image align_center\"><a target=\" _blank\" rel=\"nofollow\" href=\"https:\/\/www.spanndecken-bamberger.de\/\" aria-label=\"Bamberger\" class=\"w-image-h\"><img decoding=\"async\" width=\"300\" height=\"90\" src=\"https:\/\/www.tsvbadkoenigshofen-tischtennis.de\/wp-content\/uploads\/2019\/03\/Bamberger-300x90.jpg\" class=\"attachment-medium size-medium\" alt=\"\" loading=\"lazy\" srcset=\"https:\/\/www.tsvbadkoenigshofen-tischtennis.de\/wp-content\/uploads\/2019\/03\/Bamberger-300x90.jpg 300w, https:\/\/www.tsvbadkoenigshofen-tischtennis.de\/wp-content\/uploads\/2019\/03\/Bamberger.jpg 312w\" sizes=\"auto, (max-width: 300px) 100vw, 300px\" \/><\/a><\/div><div class=\"w-image align_none\"><div class=\"w-image-h\"><img loading=\"lazy\" decoding=\"async\" class=\"g-placeholder\" src=\"https:\/\/www.tsvbadkoenigshofen-tischtennis.de\/wp-content\/plugins\/us-core\/assets\/images\/placeholder.svg\" width=\"1024\" height=\"1024\" alt><\/div><\/div><\/div><\/div><\/div><\/div><\/section><section class=\"l-section wpb_row height_medium\"><div class=\"l-section-h i-cf\"><div class=\"g-cols vc_row via_grid cols_1 laptops-cols_inherit tablets-cols_inherit mobiles-cols_1 valign_top type_default stacking_default\"><div class=\"wpb_column vc_column_container\"><div class=\"vc_column-inner\"><div class=\"w-separator size_medium\"><\/div><\/div><\/div><\/div><\/div><\/section>\n","protected":false},"excerpt":{"rendered":"Ein starkes Team \u2013 auf und neben dem Tisch Mit gro\u00dfer Freude blicken wir auf die erfolgreiche und kontinuierliche Entwicklung unseres TSV Bad K\u00f6nigshofen Tischtennis zur\u00fcck. Im achten Jahr in der h\u00f6chsten deutschen Spielklasse hat unser Team zum zweiten Mal in Folge die Playoffs erreicht \u2013 ein weiterer Meilenstein, der den TSV l\u00e4ngst \u00fcber die...","protected":false},"author":1,"featured_media":0,"parent":0,"menu_order":0,"comment_status":"closed","ping_status":"closed","template":"","meta":{"_acf_changed":false,"footnotes":""},"class_list":["post-6788","page","type-page","status-publish","hentry"],"acf":[],"_links":{"self":[{"href":"https:\/\/www.tsvbadkoenigshofen-tischtennis.de\/index.php?rest_route=\/wp\/v2\/pages\/6788","targetHints":{"allow":["GET"]}}],"collection":[{"href":"https:\/\/www.tsvbadkoenigshofen-tischtennis.de\/index.php?rest_route=\/wp\/v2\/pages"}],"about":[{"href":"https:\/\/www.tsvbadkoenigshofen-tischtennis.de\/index.php?rest_route=\/wp\/v2\/types\/page"}],"author":[{"embeddable":true,"href":"https:\/\/www.tsvbadkoenigshofen-tischtennis.de\/index.php?rest_route=\/wp\/v2\/users\/1"}],"replies":[{"embeddable":true,"href":"https:\/\/www.tsvbadkoenigshofen-tischtennis.de\/index.php?rest_route=%2Fwp%2Fv2%2Fcomments&post=6788"}],"version-history":[{"count":95,"href":"https:\/\/www.tsvbadkoenigshofen-tischtennis.de\/index.php?rest_route=\/wp\/v2\/pages\/6788\/revisions"}],"predecessor-version":[{"id":14162,"href":"https:\/\/www.tsvbadkoenigshofen-tischtennis.de\/index.php?rest_route=\/wp\/v2\/pages\/6788\/revisions\/14162"}],"wp:attachment":[{"href":"https:\/\/www.tsvbadkoenigshofen-tischtennis.de\/index.php?rest_route=%2Fwp%2Fv2%2Fmedia&parent=6788"}],"curies":[{"name":"wp","href":"https:\/\/api.w.org\/{rel}","templated":true}]}}