{"id":6785,"date":"2019-02-28T19:58:30","date_gmt":"2019-02-28T18:58:30","guid":{"rendered":"http:\/\/impreza.tsvbadkoenigshofen-tischtennis.de\/?page_id=6785"},"modified":"2025-10-30T11:41:27","modified_gmt":"2025-10-30T10:41:27","slug":"hauptsponsoren","status":"publish","type":"page","link":"https:\/\/www.tsvbadkoenigshofen-tischtennis.de\/?page_id=6785","title":{"rendered":"Goldpartner"},"content":{"rendered":"<section class=\"l-section wpb_row height_medium\"><div class=\"l-section-h i-cf\"><div class=\"g-cols vc_row via_grid cols_1 laptops-cols_inherit tablets-cols_inherit mobiles-cols_1 valign_top type_default stacking_default\"><div class=\"wpb_column vc_column_container\"><div class=\"vc_column-inner\"><div class=\"wpb_text_column\"><div class=\"wpb_wrapper\"><p class=\"\" data-start=\"249\" data-end=\"295\"><strong data-start=\"249\" data-end=\"295\">Ein starkes Team \u2013 auf und neben dem Tisch<\/strong><\/p>\n<p class=\"\" data-start=\"297\" data-end=\"633\">Mit gro\u00dfer Freude blicken wir auf die erfolgreiche und kontinuierliche Entwicklung unseres TSV Bad K\u00f6nigshofen Tischtennis zur\u00fcck. Im achten Jahr in der h\u00f6chsten deutschen Spielklasse hat unser Team zum zweiten Mal in Folge die Playoffs erreicht \u2013 ein weiterer Meilenstein, der den TSV l\u00e4ngst \u00fcber die Region hinaus bekannt gemacht hat.<\/p>\n<p class=\"\" data-start=\"635\" data-end=\"945\">Dieser Erfolg w\u00e4re ohne Sie, unsere treuen Partner und Sponsoren, nicht m\u00f6glich. Ihre Unterst\u00fctzung macht es uns nicht nur m\u00f6glich, Tischtennis auf Weltklasseniveau in Bad K\u00f6nigshofen zu zeigen, sondern auch junge Talente zu f\u00f6rdern und die Begeisterung f\u00fcr unseren Sport weit \u00fcber die Region hinaus zu tragen.<\/p>\n<p class=\"\" data-start=\"947\" data-end=\"1314\">Als Sponsor sind Sie weit mehr als ein finanzieller F\u00f6rderer \u2013 Sie sind ein unverzichtbarer Teil unserer Gemeinschaft und ein tragender Pfeiler unserer Vision: den Tischtennissport nachhaltig zu st\u00e4rken und zukunftssicher zu gestalten. Ihr Engagement schenkt uns nicht nur die n\u00f6tige Stabilit\u00e4t, sondern auch die Motivation, diesen Weg mit Leidenschaft weiterzugehen.<\/p>\n<p class=\"\" data-start=\"1316\" data-end=\"1661\">Gerade in einer Zeit, in der Partnerschaften auf Vertrauen und echter Zusammenarbeit basieren, danken wir Ihnen von Herzen f\u00fcr Ihre herausragende Unterst\u00fctzung. Sie tragen ma\u00dfgeblich dazu bei, Spitzensport in einer strukturschwachen Region zu erm\u00f6glichen und die Marke TSV Bad K\u00f6nigshofen \u2013 sportlich wie gesellschaftlich \u2013 weiter zu etablieren.<\/p>\n<p class=\"\" data-start=\"1663\" data-end=\"1779\"><strong data-start=\"1663\" data-end=\"1779\">Liebe Fans, bitte unterst\u00fctzen auch Sie unsere Sponsoren bei Ihren Eink\u00e4ufen \u2013 sie machen unseren Sport m\u00f6glich.<\/strong><\/p>\n<\/div><\/div><\/div><\/div><\/div><\/div><\/section><section class=\"l-section wpb_row height_medium\"><div class=\"l-section-h i-cf\"><div class=\"g-cols vc_row via_grid cols_2 laptops-cols_inherit tablets-cols_inherit mobiles-cols_1 valign_top type_default stacking_default\"><div class=\"wpb_column vc_column_container\"><div class=\"vc_column-inner\"><div class=\"w-image align_none\"><a href=\"https:\/\/www.hofstetter-augenarzt.de\" aria-label=\"logo\" class=\"w-image-h\"><img decoding=\"async\" width=\"169\" height=\"120\" src=\"https:\/\/www.tsvbadkoenigshofen-tischtennis.de\/wp-content\/uploads\/2024\/02\/logo.jpg\" class=\"attachment-us_600_600_crop size-us_600_600_crop\" alt=\"\" loading=\"lazy\" \/><\/a><\/div><\/div><\/div><div class=\"wpb_column vc_column_container\"><div class=\"vc_column-inner\"><div class=\"w-image align_none\"><a href=\"https:\/\/www.haschkebau.de\" aria-label=\"logo_haschke_web\" class=\"w-image-h\"><img decoding=\"async\" width=\"300\" height=\"93\" src=\"https:\/\/www.tsvbadkoenigshofen-tischtennis.de\/wp-content\/uploads\/2024\/02\/logo_haschke_web-300x93.jpg\" class=\"attachment-medium size-medium\" alt=\"\" loading=\"lazy\" srcset=\"https:\/\/www.tsvbadkoenigshofen-tischtennis.de\/wp-content\/uploads\/2024\/02\/logo_haschke_web-300x93.jpg 300w, https:\/\/www.tsvbadkoenigshofen-tischtennis.de\/wp-content\/uploads\/2024\/02\/logo_haschke_web.jpg 402w\" sizes=\"auto, (max-width: 300px) 100vw, 300px\" \/><\/a><\/div><\/div><\/div><\/div><\/div><\/section><section class=\"l-section wpb_row height_medium\"><div class=\"l-section-h i-cf\"><div class=\"g-cols vc_row via_grid cols_2 laptops-cols_inherit tablets-cols_inherit mobiles-cols_1 valign_top type_default stacking_default\"><div class=\"wpb_column vc_column_container\"><div class=\"vc_column-inner\"><div class=\"w-image align_none\"><a href=\"https:\/\/eschenbach-group.com\/de\/\" aria-label=\"Rahmen-Eschenbach\" class=\"w-image-h\"><img decoding=\"async\" width=\"493\" height=\"100\" src=\"https:\/\/www.tsvbadkoenigshofen-tischtennis.de\/wp-content\/uploads\/2019\/04\/Rahmen-Eschenbach.jpg\" class=\"attachment-large size-large\" alt=\"\" loading=\"lazy\" srcset=\"https:\/\/www.tsvbadkoenigshofen-tischtennis.de\/wp-content\/uploads\/2019\/04\/Rahmen-Eschenbach.jpg 493w, https:\/\/www.tsvbadkoenigshofen-tischtennis.de\/wp-content\/uploads\/2019\/04\/Rahmen-Eschenbach-300x61.jpg 300w\" sizes=\"auto, (max-width: 493px) 100vw, 493px\" \/><\/a><\/div><\/div><\/div><div class=\"wpb_column vc_column_container\"><div class=\"vc_column-inner\"><div class=\"w-image align_none\"><a href=\"https:\/\/www.erhard-kutec.de\" aria-label=\"Rahmen-Erhard\" class=\"w-image-h\"><img decoding=\"async\" width=\"448\" height=\"100\" src=\"https:\/\/www.tsvbadkoenigshofen-tischtennis.de\/wp-content\/uploads\/2019\/04\/Rahmen-Erhard.jpg\" class=\"attachment-large size-large\" alt=\"\" loading=\"lazy\" srcset=\"https:\/\/www.tsvbadkoenigshofen-tischtennis.de\/wp-content\/uploads\/2019\/04\/Rahmen-Erhard.jpg 448w, https:\/\/www.tsvbadkoenigshofen-tischtennis.de\/wp-content\/uploads\/2019\/04\/Rahmen-Erhard-300x67.jpg 300w\" sizes=\"auto, (max-width: 448px) 100vw, 448px\" \/><\/a><\/div><\/div><\/div><\/div><\/div><\/section><section class=\"l-section wpb_row height_medium\"><div class=\"l-section-h i-cf\"><div class=\"g-cols vc_row via_grid cols_2 laptops-cols_inherit tablets-cols_inherit mobiles-cols_1 valign_top type_default stacking_default\"><div class=\"wpb_column vc_column_container\"><div class=\"vc_column-inner\"><div class=\"w-image align_none\"><a href=\"https:\/\/cwbearing.de\" aria-label=\"CW Bearing Logo (CMYK) bearbeitet\" class=\"w-image-h\"><img decoding=\"async\" width=\"1024\" height=\"514\" src=\"https:\/\/www.tsvbadkoenigshofen-tischtennis.de\/wp-content\/uploads\/2025\/04\/03_CW-Bearing-Logo-CMYK-bearbeitet-1-1024x514.jpg\" class=\"attachment-large size-large\" alt=\"\" loading=\"lazy\" srcset=\"https:\/\/www.tsvbadkoenigshofen-tischtennis.de\/wp-content\/uploads\/2025\/04\/03_CW-Bearing-Logo-CMYK-bearbeitet-1-1024x514.jpg 1024w, https:\/\/www.tsvbadkoenigshofen-tischtennis.de\/wp-content\/uploads\/2025\/04\/03_CW-Bearing-Logo-CMYK-bearbeitet-1-300x150.jpg 300w, https:\/\/www.tsvbadkoenigshofen-tischtennis.de\/wp-content\/uploads\/2025\/04\/03_CW-Bearing-Logo-CMYK-bearbeitet-1-600x301.jpg 600w, https:\/\/www.tsvbadkoenigshofen-tischtennis.de\/wp-content\/uploads\/2025\/04\/03_CW-Bearing-Logo-CMYK-bearbeitet-1.jpg 2048w\" sizes=\"auto, (max-width: 1024px) 100vw, 1024px\" \/><\/a><\/div><\/div><\/div><div class=\"wpb_column vc_column_container\"><div class=\"vc_column-inner\"><div class=\"w-image align_none\"><a target=\"_blank\" rel=\"nofollow\" href=\"https:\/\/modellbau-treiber.de\" aria-label=\"Rahmen-Treiber\" class=\"w-image-h\"><img decoding=\"async\" width=\"300\" height=\"100\" src=\"https:\/\/www.tsvbadkoenigshofen-tischtennis.de\/wp-content\/uploads\/2019\/04\/Rahmen-Treiber-300x100.jpg\" class=\"attachment-medium size-medium\" alt=\"\" loading=\"lazy\" srcset=\"https:\/\/www.tsvbadkoenigshofen-tischtennis.de\/wp-content\/uploads\/2019\/04\/Rahmen-Treiber-300x100.jpg 300w, https:\/\/www.tsvbadkoenigshofen-tischtennis.de\/wp-content\/uploads\/2019\/04\/Rahmen-Treiber.jpg 301w\" sizes=\"auto, (max-width: 300px) 100vw, 300px\" \/><\/a><\/div><\/div><\/div><\/div><\/div><\/section><section class=\"l-section wpb_row height_medium\"><div class=\"l-section-h i-cf\"><div class=\"g-cols vc_row via_grid cols_2 laptops-cols_inherit tablets-cols_inherit mobiles-cols_1 valign_top type_default stacking_default\"><div class=\"wpb_column vc_column_container\"><div class=\"vc_column-inner\"><div class=\"w-image align_none\"><a href=\"https:\/\/www.trost-steuerberatung.de\" aria-label=\"PremiumpartnerTrostSteuerberatung\" class=\"w-image-h\"><img decoding=\"async\" width=\"300\" height=\"145\" src=\"https:\/\/www.tsvbadkoenigshofen-tischtennis.de\/wp-content\/uploads\/2020\/07\/PremiumpartnerTrostSteuerberatung-300x145.jpg\" class=\"attachment-medium size-medium\" alt=\"\" loading=\"lazy\" srcset=\"https:\/\/www.tsvbadkoenigshofen-tischtennis.de\/wp-content\/uploads\/2020\/07\/PremiumpartnerTrostSteuerberatung-300x145.jpg 300w, https:\/\/www.tsvbadkoenigshofen-tischtennis.de\/wp-content\/uploads\/2020\/07\/PremiumpartnerTrostSteuerberatung-1024x495.jpg 1024w, https:\/\/www.tsvbadkoenigshofen-tischtennis.de\/wp-content\/uploads\/2020\/07\/PremiumpartnerTrostSteuerberatung-600x290.jpg 600w, https:\/\/www.tsvbadkoenigshofen-tischtennis.de\/wp-content\/uploads\/2020\/07\/PremiumpartnerTrostSteuerberatung.jpg 1574w\" sizes=\"auto, (max-width: 300px) 100vw, 300px\" \/><\/a><\/div><\/div><\/div><div class=\"wpb_column vc_column_container\"><div class=\"vc_column-inner\"><div class=\"w-image align_none\"><a target=\"_blank\" rel=\"nofollow\" href=\"https:\/\/www.andro.de\/de\" aria-label=\"Andro\" class=\"w-image-h\"><img decoding=\"async\" width=\"300\" height=\"82\" src=\"https:\/\/www.tsvbadkoenigshofen-tischtennis.de\/wp-content\/uploads\/2023\/03\/Andro-300x82.jpg\" class=\"attachment-medium size-medium\" alt=\"\" loading=\"lazy\" srcset=\"https:\/\/www.tsvbadkoenigshofen-tischtennis.de\/wp-content\/uploads\/2023\/03\/Andro-300x82.jpg 300w, https:\/\/www.tsvbadkoenigshofen-tischtennis.de\/wp-content\/uploads\/2023\/03\/Andro-1024x280.jpg 1024w, https:\/\/www.tsvbadkoenigshofen-tischtennis.de\/wp-content\/uploads\/2023\/03\/Andro-600x164.jpg 600w, https:\/\/www.tsvbadkoenigshofen-tischtennis.de\/wp-content\/uploads\/2023\/03\/Andro.jpg 2000w\" sizes=\"auto, (max-width: 300px) 100vw, 300px\" \/><\/a><\/div><\/div><\/div><\/div><\/div><\/section>\n","protected":false},"excerpt":{"rendered":"Ein starkes Team \u2013 auf und neben dem Tisch Mit gro\u00dfer Freude blicken wir auf die erfolgreiche und kontinuierliche Entwicklung unseres TSV Bad K\u00f6nigshofen Tischtennis zur\u00fcck. Im achten Jahr in der h\u00f6chsten deutschen Spielklasse hat unser Team zum zweiten Mal in Folge die Playoffs erreicht \u2013 ein weiterer Meilenstein, der den TSV l\u00e4ngst \u00fcber die...","protected":false},"author":1,"featured_media":0,"parent":0,"menu_order":0,"comment_status":"closed","ping_status":"closed","template":"","meta":{"_acf_changed":false,"footnotes":""},"class_list":["post-6785","page","type-page","status-publish","hentry"],"acf":[],"_links":{"self":[{"href":"https:\/\/www.tsvbadkoenigshofen-tischtennis.de\/index.php?rest_route=\/wp\/v2\/pages\/6785","targetHints":{"allow":["GET"]}}],"collection":[{"href":"https:\/\/www.tsvbadkoenigshofen-tischtennis.de\/index.php?rest_route=\/wp\/v2\/pages"}],"about":[{"href":"https:\/\/www.tsvbadkoenigshofen-tischtennis.de\/index.php?rest_route=\/wp\/v2\/types\/page"}],"author":[{"embeddable":true,"href":"https:\/\/www.tsvbadkoenigshofen-tischtennis.de\/index.php?rest_route=\/wp\/v2\/users\/1"}],"replies":[{"embeddable":true,"href":"https:\/\/www.tsvbadkoenigshofen-tischtennis.de\/index.php?rest_route=%2Fwp%2Fv2%2Fcomments&post=6785"}],"version-history":[{"count":44,"href":"https:\/\/www.tsvbadkoenigshofen-tischtennis.de\/index.php?rest_route=\/wp\/v2\/pages\/6785\/revisions"}],"predecessor-version":[{"id":13721,"href":"https:\/\/www.tsvbadkoenigshofen-tischtennis.de\/index.php?rest_route=\/wp\/v2\/pages\/6785\/revisions\/13721"}],"wp:attachment":[{"href":"https:\/\/www.tsvbadkoenigshofen-tischtennis.de\/index.php?rest_route=%2Fwp%2Fv2%2Fmedia&parent=6785"}],"curies":[{"name":"wp","href":"https:\/\/api.w.org\/{rel}","templated":true}]}}