{"id":6755,"date":"2019-02-28T19:09:49","date_gmt":"2019-02-28T18:09:49","guid":{"rendered":"http:\/\/impreza.tsvbadkoenigshofen-tischtennis.de\/?page_id=6755"},"modified":"2025-08-08T20:14:04","modified_gmt":"2025-08-08T18:14:04","slug":"tickets","status":"publish","type":"page","link":"https:\/\/www.tsvbadkoenigshofen-tischtennis.de\/?page_id=6755","title":{"rendered":"Tickets"},"content":{"rendered":"<section class=\"l-section wpb_row height_medium\"><div class=\"l-section-h i-cf\"><div class=\"g-cols vc_row via_grid cols_1 laptops-cols_inherit tablets-cols_inherit mobiles-cols_1 valign_top type_default stacking_default\"><div class=\"wpb_column vc_column_container\"><div class=\"vc_column-inner\"><div id=\"ultimate-heading-854569f244f25f0e0\" class=\"uvc-heading ult-adjust-bottom-margin ultimate-heading-854569f244f25f0e0 uvc-7892 \" data-hspacer=\"line_only\"  data-halign=\"left\" style=\"text-align:left\"><div class=\"uvc-main-heading ult-responsive\"  data-ultimate-target='.uvc-heading.ultimate-heading-854569f244f25f0e0 h2'  data-responsive-json-new='{\"font-size\":\"\",\"line-height\":\"\"}' ><h2 style=\"font-style:italic;font-weight:bold;color:#1364cf;\">Vorverkauf<\/h2><\/div><div class=\"uvc-heading-spacer line_only\" style=\"topheight:3px;\"><span class=\"uvc-headings-line\" style=\"border-style:solid;border-bottom-width:3px;border-color:#1364cf;width:autopx;\"><\/span><\/div><\/div><div class=\"w-separator size_small\"><\/div><div class=\"wpb_text_column\"><div class=\"wpb_wrapper\"><p>Bei Interesse an einer Dauerkarte schreiben Sie uns eine E-Mail.<\/p>\n<p>Das Online-Ticketing ist ge\u00f6ffnet.<\/p>\n<p>Falls Sie noch Interesse an einem Tagesticket haben, k\u00f6nnen Sie sich vor Ort auch an der Tageskasse noch Karten sichern.<\/p>\n<p>Die Tickets k\u00f6nnen vorzugsweise bei unserem Partner Reservix gekauft werden.<br \/>\nUnsere Fans, die mit dem System nicht zurechtkommen, k\u00f6nnen wir beim Einbuchen per E-Mail oder Telefon (08735\/2760232) unterst\u00fctzen.<br \/>\nAuch ein Anruf bei der Tickethotline von Reservix ist m\u00f6glich (0761\/88849999).<\/p>\n<p>Auch f\u00fcr Fragen rund um die Dauerkarten stehen wir Ihnen telefonisch (08735\/2760232) gerne zur Verf\u00fcgung.<\/p>\n<\/div><\/div><div class=\"w-separator size_medium\"><\/div><div class=\"g-cols wpb_row via_grid cols_1-5 laptops-cols_inherit tablets-cols_inherit mobiles-cols_1 valign_top type_default stacking_default\" style=\"--columns-gap:3rem;\"><div class=\"wpb_column vc_column_container\"><div class=\"vc_column-inner\"><div class=\"ult-just-icon-wrapper  \"><div class=\"align-icon\" style=\"text-align:center;\">\n<a class=\"aio-tooltip 69f244f260feb\" href=\"mailto:tischtennis@tsvbadkoenigshofen.de\"  data-toggle=\"tooltip\" data-placement=\"\"><div class=\"aio-icon none \"  style=\"color:#1364cf;font-size:32px;display:inline-block;\">\n\t<i class=\"Defaults-envelope-o\"><\/i>\n<\/div><\/a><\/div><\/div><\/div><\/div><div class=\"wpb_column vc_column_container\"><div class=\"vc_column-inner\"><span id=\"creative-link-wrap-3505\" class=\"ult_main_cl ult-adjust-bottom-margin  \" >\n\t \t\t\t<span class=\"  ult_crlink\" >\n\t\t\t\t\t<a  data-ultimate-target='#creative-link-wrap-3505 .ult_colorlink'  data-responsive-json-new='{\"font-size\":\"\",\"line-height\":\"\"}'  href=\"mailto:tischtennis@tsvbadkoenigshofen.de\"  class=\"ult_colorlink ult-responsive \" style=\"float:left;font-weight:normal; \"  data-textcolor=\"#333333\" data-texthover=\"#062cee\"data-style=\"\">\n\t\t\t\t\t\t\n\t\t\t\t\t\t<span data-hover=\"Bestellung Dauerkarte oder Tagesticket per Mail\" style=\"color:#333333;;;\" class=\"ult_btn10_span   \">Bestellung Dauerkarte oder Tagesticket per Mail<\/span>\n\t\t\t\t\t\t\n\t\t\t\t\t<\/a>\n\t\t\t\t<\/span>\n\t\t\t<\/span><\/div><\/div><\/div><div class=\"w-separator size_medium\"><\/div><div id=\"ultimate-heading-936969f244f2615b1\" class=\"uvc-heading ult-adjust-bottom-margin ultimate-heading-936969f244f2615b1 uvc-4759 \" data-hspacer=\"line_only\"  data-halign=\"left\" style=\"text-align:left\"><div class=\"uvc-main-heading ult-responsive\"  data-ultimate-target='.uvc-heading.ultimate-heading-936969f244f2615b1 h2'  data-responsive-json-new='{\"font-size\":\"\",\"line-height\":\"\"}' ><h2 style=\"font-style:italic;font-weight:bold;color:#1364cf;\">Ticketshop<\/h2><\/div><div class=\"uvc-heading-spacer line_only\" style=\"topheight:3px;\"><span class=\"uvc-headings-line\" style=\"border-style:solid;border-bottom-width:3px;border-color:#1364cf;width:autopx;\"><\/span><\/div><\/div><div class=\"w-separator size_medium\"><\/div><div class=\"wpb_text_column\"><div class=\"wpb_wrapper\"><p>Die TTBL hat gemeinsam mit der Reservix GmbH ein zentrales Ticketsystem auf den Weg gebracht.<br \/>\nDie Reservix-Tickethotline (0761\/88849999)\u00a0steht Ihnen bei R\u00fcckfragen gerne zur Verf\u00fcgung.<\/p>\n<\/div><\/div><div class=\"w-separator size_medium\"><\/div><div class=\"w-image us_custom_8f2ba1f4 us_animate_this style_shadow-1 align_left\"><a target=\"_blank\" rel=\"nofollow\" href=\"https:\/\/tsvbadkoenigshofen.reservix.de\/events\" aria-label=\"link-ticketshop\" class=\"w-image-h\"><img decoding=\"async\" width=\"300\" height=\"200\" src=\"https:\/\/www.tsvbadkoenigshofen-tischtennis.de\/wp-content\/uploads\/2019\/03\/link-ticketshop-300x200.jpg\" class=\"attachment-medium size-medium\" alt=\"\" loading=\"lazy\" \/><\/a><\/div><div class=\"w-separator size_medium\"><\/div><div id=\"ultimate-heading-409769f244f263528\" class=\"uvc-heading ult-adjust-bottom-margin ultimate-heading-409769f244f263528 uvc-1098 \" data-hspacer=\"line_only\"  data-halign=\"left\" style=\"text-align:left\"><div class=\"uvc-main-heading ult-responsive\"  data-ultimate-target='.uvc-heading.ultimate-heading-409769f244f263528 h2'  data-responsive-json-new='{\"font-size\":\"\",\"line-height\":\"\"}' ><h2 style=\"font-style:italic;font-weight:bold;color:#1364cf;\">Hallenplan<\/h2><\/div><div class=\"uvc-heading-spacer line_only\" style=\"topheight:3px;\"><span class=\"uvc-headings-line\" style=\"border-style:solid;border-bottom-width:3px;border-color:#1364cf;width:autopx;\"><\/span><\/div><\/div><div class=\"w-separator size_small\"><\/div><div class=\"w-image us_custom_8f2ba1f4 us_animate_this style_shadow-1 align_left\"><a ref=\"magnificPopup\" href=\"https:\/\/www.tsvbadkoenigshofen-tischtennis.de\/wp-content\/uploads\/2023\/08\/Hallenplan_23_24.png\" aria-label=\"Hallenplan_23_24\" class=\"w-image-h\"><img decoding=\"async\" width=\"600\" height=\"433\" src=\"https:\/\/www.tsvbadkoenigshofen-tischtennis.de\/wp-content\/uploads\/2023\/08\/Hallenplan_23_24-600x433.png\" class=\"attachment-us_600_0 size-us_600_0\" alt=\"\" loading=\"lazy\" srcset=\"https:\/\/www.tsvbadkoenigshofen-tischtennis.de\/wp-content\/uploads\/2023\/08\/Hallenplan_23_24-600x433.png 600w, https:\/\/www.tsvbadkoenigshofen-tischtennis.de\/wp-content\/uploads\/2023\/08\/Hallenplan_23_24-300x216.png 300w, https:\/\/www.tsvbadkoenigshofen-tischtennis.de\/wp-content\/uploads\/2023\/08\/Hallenplan_23_24.png 1001w\" sizes=\"auto, (max-width: 600px) 100vw, 600px\" \/><\/a><\/div><\/div><\/div><\/div><\/div><\/section><section class=\"l-section wpb_row height_medium\"><div class=\"l-section-h i-cf\"><div class=\"g-cols vc_row via_grid cols_1 laptops-cols_inherit tablets-cols_inherit mobiles-cols_1 valign_top type_default stacking_default\"><div class=\"wpb_column vc_column_container\"><div class=\"vc_column-inner\"><div id=\"ultimate-heading-687469f244f26c606\" class=\"uvc-heading ult-adjust-bottom-margin ultimate-heading-687469f244f26c606 uvc-3190 \" data-hspacer=\"line_only\"  data-halign=\"left\" style=\"text-align:left\"><div class=\"uvc-main-heading ult-responsive\"  data-ultimate-target='.uvc-heading.ultimate-heading-687469f244f26c606 h2'  data-responsive-json-new='{\"font-size\":\"\",\"line-height\":\"\"}' ><h2 style=\"font-style:italic;font-weight:bold;color:#1364cf;\">Eintrittspreise<\/h2><\/div><div class=\"uvc-heading-spacer line_only\" style=\"topheight:3px;\"><span class=\"uvc-headings-line\" style=\"border-style:solid;border-bottom-width:3px;border-color:#1364cf;width:autopx;\"><\/span><\/div><\/div><\/div><\/div><\/div><\/div><\/section><section class=\"l-section wpb_row height_medium\"><div class=\"l-section-h i-cf\"><div class=\"g-cols vc_row via_grid cols_3 laptops-cols_inherit tablets-cols_inherit mobiles-cols_1 valign_top type_default stacking_default\"><div class=\"wpb_column vc_column_container\"><div class=\"vc_column-inner\"><div class=\"w-flipbox animation_cardflip direction_w\"><div class=\"w-flipbox-h easing_ease\" style=\"transition-duration:0.5s;\"><div class=\"w-flipbox-hh\"><div class=\"w-flipbox-front\" style=\"color:#ffffff;background-image:url(https:\/\/www.tsvbadkoenigshofen-tischtennis.de\/wp-content\/uploads\/2019\/07\/Eintrittskarte_05-1024x512.jpg);\"><div class=\"w-flipbox-front-h\"><h4 class=\"w-flipbox-front-title\">VIP mit Catering<\/h4><\/div><\/div><div class=\"w-flipbox-back\" style=\"display:none;color:#0a0a0a;\"><div class=\"w-flipbox-back-h\"><h4 class=\"w-flipbox-back-title\">Preise<\/h4><div class=\"w-flipbox-back-desc\"><p>Tageskarte<br \/>\n55 \u20ac inkl. Mwst.<br \/>\n-<br \/>\nDauerkarte<br \/>\n550 \u20ac inkl. Mwst.<\/p>\n<\/div><\/div><\/div><\/div><\/div><\/div><\/div><\/div><div class=\"wpb_column vc_column_container\"><div class=\"vc_column-inner\"><div class=\"w-flipbox animation_cardflip direction_w\"><div class=\"w-flipbox-h easing_ease\" style=\"transition-duration:0.5s;\"><div class=\"w-flipbox-hh\"><div class=\"w-flipbox-front\" style=\"color:#0a0a0a;background-image:url(https:\/\/www.tsvbadkoenigshofen-tischtennis.de\/wp-content\/uploads\/2019\/07\/Eintrittskarte_01-1024x512.jpg);\"><div class=\"w-flipbox-front-h\"><h4 class=\"w-flipbox-front-title\">Trib\u00fcne Innenraum<\/h4><\/div><\/div><div class=\"w-flipbox-back\" style=\"display:none;color:#0a0a0a;\"><div class=\"w-flipbox-back-h\"><h4 class=\"w-flipbox-back-title\">Preise<\/h4><div class=\"w-flipbox-back-desc\"><p>Tageskarte \/ Tageskarte erm\u00e4\u00dfigt* \/ Tageskarte Sch\u00fcler\/innen unter 14 Jahren<br \/>\n20 \u20ac \/ 18 \u20ac* \/ 14 \u20ac<br \/>\n-<br \/>\nDauerkarte \/ Dauerkarte erm\u00e4\u00dfigt*<br \/>\n220 \u20ac \/ 200 \u20ac*<\/p>\n<\/div><\/div><\/div><\/div><\/div><\/div><\/div><\/div><div class=\"wpb_column vc_column_container\"><div class=\"vc_column-inner\"><div class=\"w-flipbox animation_cardflip direction_w\"><div class=\"w-flipbox-h easing_ease\" style=\"transition-duration:0.5s;\"><div class=\"w-flipbox-hh\"><div class=\"w-flipbox-front\" style=\"color:#0a0a0a;background-image:url(https:\/\/www.tsvbadkoenigshofen-tischtennis.de\/wp-content\/uploads\/2019\/07\/Eintrittskarte_02-1024x512.jpg);\"><div class=\"w-flipbox-front-h\"><h4 class=\"w-flipbox-front-title\">Haupttrib\u00fcne (oben)<\/h4><\/div><\/div><div class=\"w-flipbox-back\" style=\"display:none;color:#0a0a0a;\"><div class=\"w-flipbox-back-h\"><h4 class=\"w-flipbox-back-title\">Preise<\/h4><div class=\"w-flipbox-back-desc\"><p>Tageskarte \/ Tageskarte erm\u00e4\u00dfigt* \/ Tageskarte Sch\u00fcler\/innen u. 14 Jahren<br \/>\n17 \u20ac (16 \u20ac) \/ 15 \u20ac (14 \u20ac*) \/ 10 \u20ac (9 \u20ac)<br \/>\n-<br \/>\nDauerkarte Block B+C \/ Dauerkarte erm\u00e4\u00dfigt*; Dauerkarte Block A+D \/ Dauerkarte erm\u00e4\u00dfigt*<br \/>\n187 \u20ac \/ 165 \u20ac* 176 \u20ac \/ 154 \u20ac*<\/p>\n<\/div><\/div><\/div><\/div><\/div><\/div><\/div><\/div><\/div><\/div><\/section><section class=\"l-section wpb_row height_medium\"><div class=\"l-section-h i-cf\"><div class=\"g-cols vc_row via_grid cols_1 laptops-cols_inherit tablets-cols_inherit mobiles-cols_1 valign_top type_default stacking_default\"><div class=\"wpb_column vc_column_container\"><div class=\"vc_column-inner\"><div class=\"wpb_text_column\"><div class=\"wpb_wrapper\"><p>* Die Erm\u00e4\u00dfigung gilt f\u00fcr Jugendliche, Sch\u00fcler, Studenten, Rentner und Schwerbehinderte.<\/p>\n<p>*Die Preise der Tageskarten gelten <strong>nicht f\u00fcr Top-Spiele<\/strong> (3 p.a.). Hier gesonderte Tagespreise.<\/p>\n<p><span style=\"text-decoration: underline;\"><strong>Als Topspiele sind definiert: <\/strong><\/span><\/p>\n<p><strong>06.09. 25 \u00a0Saarbr\u00fccken \/ 21.09.25 \u00a0 D\u00fcsseldorf \/ \u00a031.01.26 \u00a0 Fulda<\/strong><\/p>\n<p>&nbsp;<\/p>\n<p>Im Preis der Dauerkarte ist das Pokalspiel gegen D\u00fcsseldorf am 20.09.2025 <strong>nicht<\/strong> enthalten.<\/p>\n<p><span style=\"text-decoration: underline;\"><strong>Anmerkung zu Dauerkarten:<\/strong><br \/>\n<\/span>Sollte sich ein Fan nach Beginn der Runde noch zum Kauf einer Dauerkarte entschlie\u00dfen, werden die Preise von bereits ausgef\u00fchrten Heimspielen anteilig vom Kartenpreis abgezogen.<br \/>\n<span style=\"text-decoration: underline;\"><br \/>\n<\/span><\/p>\n<\/div><\/div><\/div><\/div><\/div><\/div><\/section>\n","protected":false},"excerpt":{"rendered":"VorverkaufBei Interesse an einer Dauerkarte schreiben Sie uns eine E-Mail. Das Online-Ticketing ist ge\u00f6ffnet. Falls Sie noch Interesse an einem Tagesticket haben, k\u00f6nnen Sie sich vor Ort auch an der Tageskasse noch Karten sichern. Die Tickets k\u00f6nnen vorzugsweise bei unserem Partner Reservix gekauft werden. Unsere Fans, die mit dem System nicht zurechtkommen, k\u00f6nnen wir beim...","protected":false},"author":1,"featured_media":0,"parent":0,"menu_order":0,"comment_status":"closed","ping_status":"closed","template":"","meta":{"_acf_changed":false,"footnotes":""},"class_list":["post-6755","page","type-page","status-publish","hentry"],"acf":[],"_links":{"self":[{"href":"https:\/\/www.tsvbadkoenigshofen-tischtennis.de\/index.php?rest_route=\/wp\/v2\/pages\/6755","targetHints":{"allow":["GET"]}}],"collection":[{"href":"https:\/\/www.tsvbadkoenigshofen-tischtennis.de\/index.php?rest_route=\/wp\/v2\/pages"}],"about":[{"href":"https:\/\/www.tsvbadkoenigshofen-tischtennis.de\/index.php?rest_route=\/wp\/v2\/types\/page"}],"author":[{"embeddable":true,"href":"https:\/\/www.tsvbadkoenigshofen-tischtennis.de\/index.php?rest_route=\/wp\/v2\/users\/1"}],"replies":[{"embeddable":true,"href":"https:\/\/www.tsvbadkoenigshofen-tischtennis.de\/index.php?rest_route=%2Fwp%2Fv2%2Fcomments&post=6755"}],"version-history":[{"count":102,"href":"https:\/\/www.tsvbadkoenigshofen-tischtennis.de\/index.php?rest_route=\/wp\/v2\/pages\/6755\/revisions"}],"predecessor-version":[{"id":12850,"href":"https:\/\/www.tsvbadkoenigshofen-tischtennis.de\/index.php?rest_route=\/wp\/v2\/pages\/6755\/revisions\/12850"}],"wp:attachment":[{"href":"https:\/\/www.tsvbadkoenigshofen-tischtennis.de\/index.php?rest_route=%2Fwp%2Fv2%2Fmedia&parent=6755"}],"curies":[{"name":"wp","href":"https:\/\/api.w.org\/{rel}","templated":true}]}}