{"id":6748,"date":"2019-02-28T18:46:21","date_gmt":"2019-02-28T17:46:21","guid":{"rendered":"http:\/\/impreza.tsvbadkoenigshofen-tischtennis.de\/?page_id=6748"},"modified":"2025-12-07T11:22:48","modified_gmt":"2025-12-07T10:22:48","slug":"ansprechpartner","status":"publish","type":"page","link":"https:\/\/www.tsvbadkoenigshofen-tischtennis.de\/?page_id=6748","title":{"rendered":"Ansprechpartner"},"content":{"rendered":"<section class=\"l-section wpb_row height_medium\"><div class=\"l-section-h i-cf\"><div class=\"g-cols vc_row via_grid cols_1 laptops-cols_inherit tablets-cols_inherit mobiles-cols_1 valign_top type_default stacking_default\"><div class=\"wpb_column vc_column_container\"><div class=\"vc_column-inner\"><div class=\"w-separator size_medium\"><\/div><div class=\"wpb_text_column\"><div class=\"wpb_wrapper\"><p style=\"text-align: center;\"><span style=\"font-size: 14pt;\"><strong><span style=\"text-decoration: underline;\">TSV Bad K\u00f6nigshofen (Tischtennis)<\/span><\/strong><\/span><\/p>\n<\/div><\/div><div class=\"g-cols wpb_row via_grid cols_3 laptops-cols_inherit tablets-cols_inherit mobiles-cols_1 valign_top type_default stacking_default\" style=\"--columns-gap:3rem;\"><div class=\"wpb_column vc_column_container\"><div class=\"vc_column-inner\"><div class=\"w-person layout_modern\" itemscope itemtype=\"https:\/\/schema.org\/Person\"><div class=\"w-person-image\"><img loading=\"lazy\" decoding=\"async\" width=\"600\" height=\"600\" src=\"https:\/\/www.tsvbadkoenigshofen-tischtennis.de\/wp-content\/uploads\/2025\/10\/IMG_4239-2-600x600.jpg\" class=\"attachment-us_600_600_crop size-us_600_600_crop\" alt=\"\" itemprop=\"image\" srcset=\"https:\/\/www.tsvbadkoenigshofen-tischtennis.de\/wp-content\/uploads\/2025\/10\/IMG_4239-2-600x600.jpg 600w, https:\/\/www.tsvbadkoenigshofen-tischtennis.de\/wp-content\/uploads\/2025\/10\/IMG_4239-2-150x150.jpg 150w, https:\/\/www.tsvbadkoenigshofen-tischtennis.de\/wp-content\/uploads\/2025\/10\/IMG_4239-2-350x350.jpg 350w\" sizes=\"auto, (max-width: 600px) 100vw, 600px\" \/><\/div><div class=\"w-person-content\"><h4 itemprop=\"name\" class=\"w-person-name\"><span>Matthias Braun<\/span><\/h4><div class=\"w-person-role\" itemprop=\"jobTitle\">Gesch\u00e4ftsf\u00fchrer (Verwaltung)<\/div><\/div><\/div><\/div><\/div><div class=\"wpb_column vc_column_container\"><div class=\"vc_column-inner\"><div class=\"w-person layout_modern with_desc\" itemscope itemtype=\"https:\/\/schema.org\/Person\"><div class=\"w-person-image\"><img loading=\"lazy\" decoding=\"async\" width=\"600\" height=\"600\" src=\"https:\/\/www.tsvbadkoenigshofen-tischtennis.de\/wp-content\/uploads\/2021\/07\/manager_andy_albert_vorne-1-scaled-e1626257524961-600x600.jpg\" class=\"attachment-us_600_600_crop size-us_600_600_crop\" alt=\"\" itemprop=\"image\" srcset=\"https:\/\/www.tsvbadkoenigshofen-tischtennis.de\/wp-content\/uploads\/2021\/07\/manager_andy_albert_vorne-1-scaled-e1626257524961-600x600.jpg 600w, https:\/\/www.tsvbadkoenigshofen-tischtennis.de\/wp-content\/uploads\/2021\/07\/manager_andy_albert_vorne-1-scaled-e1626257524961-300x300.jpg 300w, https:\/\/www.tsvbadkoenigshofen-tischtennis.de\/wp-content\/uploads\/2021\/07\/manager_andy_albert_vorne-1-scaled-e1626257524961-1024x1024.jpg 1024w, https:\/\/www.tsvbadkoenigshofen-tischtennis.de\/wp-content\/uploads\/2021\/07\/manager_andy_albert_vorne-1-scaled-e1626257524961-150x150.jpg 150w, https:\/\/www.tsvbadkoenigshofen-tischtennis.de\/wp-content\/uploads\/2021\/07\/manager_andy_albert_vorne-1-scaled-e1626257524961-1536x1536.jpg 1536w, https:\/\/www.tsvbadkoenigshofen-tischtennis.de\/wp-content\/uploads\/2021\/07\/manager_andy_albert_vorne-1-scaled-e1626257524961-350x350.jpg 350w, https:\/\/www.tsvbadkoenigshofen-tischtennis.de\/wp-content\/uploads\/2021\/07\/manager_andy_albert_vorne-1-scaled-e1626257524961.jpg 1708w\" sizes=\"auto, (max-width: 600px) 100vw, 600px\" \/><\/div><div class=\"w-person-content\"><h4 itemprop=\"name\" class=\"w-person-name\"><span>Andreas Albert<\/span><\/h4><div class=\"w-person-role\" itemprop=\"jobTitle\">Gesch\u00e4ftsf\u00fchrer (Sport)<\/div><div class=\"w-person-description\" itemprop=\"description\"><p>Mobil: 0179\/5965382<br \/>\nE-Mail: andy.albert@gmx.de<\/p>\n<\/div><\/div><\/div><\/div><\/div><div class=\"wpb_column vc_column_container\"><div class=\"vc_column-inner\"><div class=\"w-person layout_modern\" itemscope itemtype=\"https:\/\/schema.org\/Person\"><div class=\"w-person-image\"><img loading=\"lazy\" decoding=\"async\" width=\"600\" height=\"600\" src=\"https:\/\/www.tsvbadkoenigshofen-tischtennis.de\/wp-content\/uploads\/2024\/07\/20240723_104225-600x600.jpg\" class=\"attachment-us_600_600_crop size-us_600_600_crop\" alt=\"\" itemprop=\"image\" srcset=\"https:\/\/www.tsvbadkoenigshofen-tischtennis.de\/wp-content\/uploads\/2024\/07\/20240723_104225-600x600.jpg 600w, https:\/\/www.tsvbadkoenigshofen-tischtennis.de\/wp-content\/uploads\/2024\/07\/20240723_104225-150x150.jpg 150w, https:\/\/www.tsvbadkoenigshofen-tischtennis.de\/wp-content\/uploads\/2024\/07\/20240723_104225-350x350.jpg 350w\" sizes=\"auto, (max-width: 600px) 100vw, 600px\" \/><\/div><div class=\"w-person-content\"><h4 itemprop=\"name\" class=\"w-person-name\"><span>Tomasz Kasica<\/span><\/h4><div class=\"w-person-role\" itemprop=\"jobTitle\">Abteilung Sport u. Marketingentwicklung<\/div><\/div><\/div><\/div><\/div><\/div><div class=\"w-separator size_medium\"><\/div><div class=\"g-cols wpb_row via_grid cols_3 laptops-cols_inherit tablets-cols_inherit mobiles-cols_1 valign_top type_default stacking_default\" style=\"--columns-gap:3rem;\"><div class=\"wpb_column vc_column_container\"><div class=\"vc_column-inner\"><div class=\"w-person layout_modern with_desc\" itemscope itemtype=\"https:\/\/schema.org\/Person\"><div class=\"w-person-image\"><img loading=\"lazy\" decoding=\"async\" width=\"600\" height=\"600\" src=\"https:\/\/www.tsvbadkoenigshofen-tischtennis.de\/wp-content\/uploads\/2019\/03\/Ort-600x600.jpg\" class=\"attachment-us_600_600_crop size-us_600_600_crop\" alt=\"\" itemprop=\"image\" srcset=\"https:\/\/www.tsvbadkoenigshofen-tischtennis.de\/wp-content\/uploads\/2019\/03\/Ort-600x600.jpg 600w, https:\/\/www.tsvbadkoenigshofen-tischtennis.de\/wp-content\/uploads\/2019\/03\/Ort-150x150.jpg 150w, https:\/\/www.tsvbadkoenigshofen-tischtennis.de\/wp-content\/uploads\/2019\/03\/Ort-350x350.jpg 350w\" sizes=\"auto, (max-width: 600px) 100vw, 600px\" \/><\/div><div class=\"w-person-content\"><h4 itemprop=\"name\" class=\"w-person-name\"><span>Josef Ort<\/span><\/h4><div class=\"w-person-role\" itemprop=\"jobTitle\">Kassier, Hallenbelegung<\/div><div class=\"w-person-description\" itemprop=\"description\"><p>Mobil: 0151\/62720155<br \/>\nE-Mail: josef.ort@gmx.de<\/p>\n<\/div><\/div><\/div><\/div><\/div><div class=\"wpb_column vc_column_container\"><div class=\"vc_column-inner\"><div class=\"w-person layout_modern with_desc\" itemscope itemtype=\"https:\/\/schema.org\/Person\"><div class=\"w-person-image\"><img loading=\"lazy\" decoding=\"async\" width=\"600\" height=\"600\" src=\"https:\/\/www.tsvbadkoenigshofen-tischtennis.de\/wp-content\/uploads\/2019\/03\/Heusinger-600x600.jpg\" class=\"attachment-us_600_600_crop size-us_600_600_crop\" alt=\"\" itemprop=\"image\" srcset=\"https:\/\/www.tsvbadkoenigshofen-tischtennis.de\/wp-content\/uploads\/2019\/03\/Heusinger-600x600.jpg 600w, https:\/\/www.tsvbadkoenigshofen-tischtennis.de\/wp-content\/uploads\/2019\/03\/Heusinger-150x150.jpg 150w, https:\/\/www.tsvbadkoenigshofen-tischtennis.de\/wp-content\/uploads\/2019\/03\/Heusinger-350x350.jpg 350w\" sizes=\"auto, (max-width: 600px) 100vw, 600px\" \/><\/div><div class=\"w-person-content\"><h4 itemprop=\"name\" class=\"w-person-name\"><span>Johannes Heusinger<\/span><\/h4><div class=\"w-person-role\" itemprop=\"jobTitle\">Organisation Shakehands-Arena<\/div><div class=\"w-person-description\" itemprop=\"description\"><p>Mobil: 0173\/6930433<br \/>\nE-Mail: johannes.heusinger@freenet.de<\/p>\n<\/div><\/div><\/div><\/div><\/div><div class=\"wpb_column vc_column_container\"><div class=\"vc_column-inner\"><div class=\"w-person layout_modern with_desc\" itemscope itemtype=\"https:\/\/schema.org\/Person\"><div class=\"w-person-image\"><img loading=\"lazy\" decoding=\"async\" width=\"600\" height=\"600\" src=\"https:\/\/www.tsvbadkoenigshofen-tischtennis.de\/wp-content\/uploads\/2019\/03\/Halbig-600x600.jpg\" class=\"attachment-us_600_600_crop size-us_600_600_crop\" alt=\"\" itemprop=\"image\" srcset=\"https:\/\/www.tsvbadkoenigshofen-tischtennis.de\/wp-content\/uploads\/2019\/03\/Halbig-600x600.jpg 600w, https:\/\/www.tsvbadkoenigshofen-tischtennis.de\/wp-content\/uploads\/2019\/03\/Halbig-150x150.jpg 150w, https:\/\/www.tsvbadkoenigshofen-tischtennis.de\/wp-content\/uploads\/2019\/03\/Halbig-350x350.jpg 350w\" sizes=\"auto, (max-width: 600px) 100vw, 600px\" \/><\/div><div class=\"w-person-content\"><h4 itemprop=\"name\" class=\"w-person-name\"><span>J\u00fcrgen Halbig<\/span><\/h4><div class=\"w-person-role\" itemprop=\"jobTitle\">\u00d6ffentlichkeitsarbeit, Hallensprecher, Fanbeauftragter<\/div><div class=\"w-person-description\" itemprop=\"description\"><p>E-Mail: j-halbig@t-online.de<\/p>\n<\/div><\/div><\/div><\/div><\/div><\/div><div class=\"w-separator size_medium\"><\/div><div class=\"g-cols wpb_row via_grid cols_3 laptops-cols_inherit tablets-cols_inherit mobiles-cols_1 valign_top type_default stacking_default\" style=\"--columns-gap:3rem;\"><div class=\"wpb_column vc_column_container\"><div class=\"vc_column-inner\"><div class=\"w-person layout_modern with_desc\" itemscope itemtype=\"https:\/\/schema.org\/Person\"><div class=\"w-person-image\"><img loading=\"lazy\" decoding=\"async\" width=\"600\" height=\"600\" src=\"https:\/\/www.tsvbadkoenigshofen-tischtennis.de\/wp-content\/uploads\/2025\/11\/Silas-Pehl-600x600.jpeg\" class=\"attachment-us_600_600_crop size-us_600_600_crop\" alt=\"\" itemprop=\"image\" srcset=\"https:\/\/www.tsvbadkoenigshofen-tischtennis.de\/wp-content\/uploads\/2025\/11\/Silas-Pehl-600x600.jpeg 600w, https:\/\/www.tsvbadkoenigshofen-tischtennis.de\/wp-content\/uploads\/2025\/11\/Silas-Pehl-150x150.jpeg 150w, https:\/\/www.tsvbadkoenigshofen-tischtennis.de\/wp-content\/uploads\/2025\/11\/Silas-Pehl-350x350.jpeg 350w\" sizes=\"auto, (max-width: 600px) 100vw, 600px\" \/><div class=\"img_hover\" style=\"background-image:url(https:\/\/www.tsvbadkoenigshofen-tischtennis.de\/wp-content\/uploads\/2025\/11\/Silas-Pehl-600x600.jpeg)\"><\/div><\/div><div class=\"w-person-content\"><h4 itemprop=\"name\" class=\"w-person-name\" style=\"font-size:Silas Pehl\"><span>Silas Pehl<\/span><\/h4><div class=\"w-person-role\" itemprop=\"jobTitle\">Social media Europa<\/div><div class=\"w-person-description\" itemprop=\"description\"><p>E-Mail: silas@pehl-lehrberg.de<\/p>\n<\/div><\/div><\/div><\/div><\/div><div class=\"wpb_column vc_column_container\"><div class=\"vc_column-inner\"><div class=\"w-person layout_modern\" itemscope itemtype=\"https:\/\/schema.org\/Person\"><div class=\"w-person-image\"><img loading=\"lazy\" decoding=\"async\" width=\"600\" height=\"600\" src=\"https:\/\/www.tsvbadkoenigshofen-tischtennis.de\/wp-content\/uploads\/2025\/10\/PHOTO-2025-10-15-14-01-02-600x600.jpg\" class=\"attachment-us_600_600_crop size-us_600_600_crop\" alt=\"\" itemprop=\"image\" srcset=\"https:\/\/www.tsvbadkoenigshofen-tischtennis.de\/wp-content\/uploads\/2025\/10\/PHOTO-2025-10-15-14-01-02-600x600.jpg 600w, https:\/\/www.tsvbadkoenigshofen-tischtennis.de\/wp-content\/uploads\/2025\/10\/PHOTO-2025-10-15-14-01-02-150x150.jpg 150w, https:\/\/www.tsvbadkoenigshofen-tischtennis.de\/wp-content\/uploads\/2025\/10\/PHOTO-2025-10-15-14-01-02-350x350.jpg 350w\" sizes=\"auto, (max-width: 600px) 100vw, 600px\" \/><div class=\"img_hover\" style=\"background-image:url(https:\/\/www.tsvbadkoenigshofen-tischtennis.de\/wp-content\/uploads\/2025\/10\/PHOTO-2025-10-15-14-01-02-600x600.jpg)\"><\/div><\/div><div class=\"w-person-content\"><h4 itemprop=\"name\" class=\"w-person-name\"><span>Xihao Liu<\/span><\/h4><div class=\"w-person-role\" itemprop=\"jobTitle\">Social media Asien<\/div><\/div><\/div><\/div><\/div><div class=\"wpb_column vc_column_container\"><div class=\"vc_column-inner\"><div class=\"w-person layout_modern\" itemscope itemtype=\"https:\/\/schema.org\/Person\"><div class=\"w-person-image\"><img loading=\"lazy\" decoding=\"async\" width=\"600\" height=\"600\" src=\"https:\/\/www.tsvbadkoenigshofen-tischtennis.de\/wp-content\/uploads\/2025\/10\/Zhirui-Wang-600x600.jpg\" class=\"attachment-us_600_600_crop size-us_600_600_crop\" alt=\"\" itemprop=\"image\" srcset=\"https:\/\/www.tsvbadkoenigshofen-tischtennis.de\/wp-content\/uploads\/2025\/10\/Zhirui-Wang-600x600.jpg 600w, https:\/\/www.tsvbadkoenigshofen-tischtennis.de\/wp-content\/uploads\/2025\/10\/Zhirui-Wang-150x150.jpg 150w, https:\/\/www.tsvbadkoenigshofen-tischtennis.de\/wp-content\/uploads\/2025\/10\/Zhirui-Wang-350x350.jpg 350w\" sizes=\"auto, (max-width: 600px) 100vw, 600px\" \/><div class=\"img_hover\" style=\"background-image:url(https:\/\/www.tsvbadkoenigshofen-tischtennis.de\/wp-content\/uploads\/2025\/10\/Zhirui-Wang-600x600.jpg)\"><\/div><\/div><div class=\"w-person-content\"><h4 itemprop=\"name\" class=\"w-person-name\"><span>Zhirui Wang<\/span><\/h4><div class=\"w-person-role\" itemprop=\"jobTitle\">Social Media Asien<\/div><\/div><\/div><\/div><\/div><\/div><div class=\"w-separator size_medium\"><\/div><div class=\"w-separator size_medium\"><\/div><div class=\"g-cols wpb_row via_grid cols_3 laptops-cols_inherit tablets-cols_inherit mobiles-cols_1 valign_top type_default stacking_default\" style=\"--columns-gap:3rem;\"><div class=\"wpb_column vc_column_container\"><div class=\"vc_column-inner\"><div class=\"w-person layout_modern with_desc\" itemscope itemtype=\"https:\/\/schema.org\/Person\"><div class=\"w-person-image\"><img loading=\"lazy\" decoding=\"async\" width=\"600\" height=\"600\" src=\"https:\/\/www.tsvbadkoenigshofen-tischtennis.de\/wp-content\/uploads\/2022\/08\/Thorsten_Eckart-1-600x600.jpg\" class=\"attachment-us_600_600_crop size-us_600_600_crop\" alt=\"\" itemprop=\"image\" srcset=\"https:\/\/www.tsvbadkoenigshofen-tischtennis.de\/wp-content\/uploads\/2022\/08\/Thorsten_Eckart-1-600x600.jpg 600w, https:\/\/www.tsvbadkoenigshofen-tischtennis.de\/wp-content\/uploads\/2022\/08\/Thorsten_Eckart-1-150x150.jpg 150w, https:\/\/www.tsvbadkoenigshofen-tischtennis.de\/wp-content\/uploads\/2022\/08\/Thorsten_Eckart-1-350x350.jpg 350w\" sizes=\"auto, (max-width: 600px) 100vw, 600px\" \/><\/div><div class=\"w-person-content\"><h4 itemprop=\"name\" class=\"w-person-name\"><span>Thorsten Eckart<\/span><\/h4><div class=\"w-person-role\" itemprop=\"jobTitle\">1. Vorstand TSV Bad K\u00f6nigshofen<\/div><div class=\"w-person-description\" itemprop=\"description\"><p>Mobil: 0162\/9719436<br \/>\nE-Mail: thorsten_eckart@web.de<\/p>\n<\/div><\/div><\/div><\/div><\/div><div class=\"wpb_column vc_column_container\"><div class=\"vc_column-inner\"><div class=\"w-person layout_modern with_desc\" itemscope itemtype=\"https:\/\/schema.org\/Person\"><div class=\"w-person-image\"><img loading=\"lazy\" decoding=\"async\" width=\"600\" height=\"600\" src=\"https:\/\/www.tsvbadkoenigshofen-tischtennis.de\/wp-content\/uploads\/2025\/11\/Bildschirmfoto-2025-11-05-um-16.55.06-600x600.png\" class=\"attachment-us_600_600_crop size-us_600_600_crop\" alt=\"\" itemprop=\"image\" srcset=\"https:\/\/www.tsvbadkoenigshofen-tischtennis.de\/wp-content\/uploads\/2025\/11\/Bildschirmfoto-2025-11-05-um-16.55.06-600x600.png 600w, https:\/\/www.tsvbadkoenigshofen-tischtennis.de\/wp-content\/uploads\/2025\/11\/Bildschirmfoto-2025-11-05-um-16.55.06-150x150.png 150w, https:\/\/www.tsvbadkoenigshofen-tischtennis.de\/wp-content\/uploads\/2025\/11\/Bildschirmfoto-2025-11-05-um-16.55.06-350x350.png 350w\" sizes=\"auto, (max-width: 600px) 100vw, 600px\" \/><div class=\"img_hover\" style=\"background-image:url(https:\/\/www.tsvbadkoenigshofen-tischtennis.de\/wp-content\/uploads\/2025\/11\/Bildschirmfoto-2025-11-05-um-16.55.06-600x600.png)\"><\/div><\/div><div class=\"w-person-content\"><h4 itemprop=\"name\" class=\"w-person-name\"><span>Martha Ort<\/span><\/h4><div class=\"w-person-role\" itemprop=\"jobTitle\">Hallenverpflegung<\/div><div class=\"w-person-description\" itemprop=\"description\"><p>Mobil: 0162\/7932090<\/p>\n<\/div><\/div><\/div><\/div><\/div><div class=\"wpb_column vc_column_container\"><div class=\"vc_column-inner\"><div class=\"w-person layout_modern with_desc\" itemscope itemtype=\"https:\/\/schema.org\/Person\"><div class=\"w-person-image\"><img loading=\"lazy\" decoding=\"async\" width=\"600\" height=\"600\" src=\"https:\/\/www.tsvbadkoenigshofen-tischtennis.de\/wp-content\/uploads\/2025\/10\/IMG_4244-600x600.jpg\" class=\"attachment-us_600_600_crop size-us_600_600_crop\" alt=\"\" itemprop=\"image\" srcset=\"https:\/\/www.tsvbadkoenigshofen-tischtennis.de\/wp-content\/uploads\/2025\/10\/IMG_4244-600x600.jpg 600w, https:\/\/www.tsvbadkoenigshofen-tischtennis.de\/wp-content\/uploads\/2025\/10\/IMG_4244-150x150.jpg 150w, https:\/\/www.tsvbadkoenigshofen-tischtennis.de\/wp-content\/uploads\/2025\/10\/IMG_4244-350x350.jpg 350w\" sizes=\"auto, (max-width: 600px) 100vw, 600px\" \/><\/div><div class=\"w-person-content\"><h4 itemprop=\"name\" class=\"w-person-name\"><span>Simon N\u00e4tscher<\/span><\/h4><div class=\"w-person-role\" itemprop=\"jobTitle\">Livestreaming \/ Technik \/ Ansprechpartner Dyn<\/div><div class=\"w-person-description\" itemprop=\"description\"><p>Mobil: 0163\/2555718<br \/>\nE-Mail: naetscher.simon@gmail.com<\/p>\n<\/div><\/div><\/div><\/div><\/div><\/div><div class=\"w-separator size_medium\"><\/div><div class=\"wpb_text_column\"><div class=\"wpb_wrapper\"><p style=\"text-align: center;\"><span style=\"text-decoration: underline; font-size: 14pt;\"><strong><span style=\"color: #1364cf; text-decoration: underline;\">\u00d6ffnungszeiten Gesch\u00e4ftsstelle<\/span><br \/>\n<\/strong><\/span><span style=\"font-size: 14pt;\"><strong><span style=\"text-decoration: underline;\">Adresse:<\/span> Hennebergstra\u00dfe 6, 97631 Bad K\u00f6nigshofen<\/strong><br \/>\n<\/span><\/p>\n<p style=\"text-align: center;\"><span style=\"color: #1364cf;\"><strong><span style=\"font-size: 14pt;\"><span style=\"font-size: 12pt;\"><span style=\"text-decoration: underline;\">Montag &#8211; Freitag:<\/span>\u00a0 <\/span><\/span><\/strong><\/span><\/p>\n<p style=\"text-align: center;\"><span style=\"font-size: 14pt;\"><span style=\"font-size: 12pt;\"><span style=\"color: #1364cf;\"><strong>10:00 Uhr &#8211; 13:30 Uhr und 14:00 Uhr &#8211; 17:00 Uhr<\/strong><\/span><br \/>\n<\/span><\/span><span style=\"font-size: 14pt;\"><span style=\"font-size: 12pt;\"><br \/>\nWeitere Anwesenheitszeiten nur nach vorheriger telefonischer Absprache!<\/span><\/span><\/p>\n<\/div><\/div><\/div><\/div><\/div><\/div><\/section>\n","protected":false},"excerpt":{"rendered":"TSV Bad K\u00f6nigshofen (Tischtennis) Matthias BraunGesch\u00e4ftsf\u00fchrer (Verwaltung)Andreas AlbertGesch\u00e4ftsf\u00fchrer (Sport)Mobil: 0179\/5965382 E-Mail: andy.albert@gmx.de Tomasz KasicaAbteilung Sport u. MarketingentwicklungJosef OrtKassier, HallenbelegungMobil: 0151\/62720155 E-Mail: josef.ort@gmx.de Johannes HeusingerOrganisation Shakehands-ArenaMobil: 0173\/6930433 E-Mail: johannes.heusinger@freenet.de J\u00fcrgen Halbig\u00d6ffentlichkeitsarbeit, Hallensprecher, FanbeauftragterE-Mail: j-halbig@t-online.de Silas PehlSocial media EuropaE-Mail: silas@pehl-lehrberg.de Xihao LiuSocial media AsienZhirui WangSocial Media AsienThorsten Eckart1. Vorstand TSV Bad K\u00f6nigshofenMobil: 0162\/9719436 E-Mail: thorsten_eckart@web.de Martha OrtHallenverpflegungMobil:...","protected":false},"author":1,"featured_media":0,"parent":0,"menu_order":0,"comment_status":"closed","ping_status":"closed","template":"","meta":{"_acf_changed":false,"footnotes":""},"class_list":["post-6748","page","type-page","status-publish","hentry"],"acf":[],"_links":{"self":[{"href":"https:\/\/www.tsvbadkoenigshofen-tischtennis.de\/index.php?rest_route=\/wp\/v2\/pages\/6748","targetHints":{"allow":["GET"]}}],"collection":[{"href":"https:\/\/www.tsvbadkoenigshofen-tischtennis.de\/index.php?rest_route=\/wp\/v2\/pages"}],"about":[{"href":"https:\/\/www.tsvbadkoenigshofen-tischtennis.de\/index.php?rest_route=\/wp\/v2\/types\/page"}],"author":[{"embeddable":true,"href":"https:\/\/www.tsvbadkoenigshofen-tischtennis.de\/index.php?rest_route=\/wp\/v2\/users\/1"}],"replies":[{"embeddable":true,"href":"https:\/\/www.tsvbadkoenigshofen-tischtennis.de\/index.php?rest_route=%2Fwp%2Fv2%2Fcomments&post=6748"}],"version-history":[{"count":85,"href":"https:\/\/www.tsvbadkoenigshofen-tischtennis.de\/index.php?rest_route=\/wp\/v2\/pages\/6748\/revisions"}],"predecessor-version":[{"id":14284,"href":"https:\/\/www.tsvbadkoenigshofen-tischtennis.de\/index.php?rest_route=\/wp\/v2\/pages\/6748\/revisions\/14284"}],"wp:attachment":[{"href":"https:\/\/www.tsvbadkoenigshofen-tischtennis.de\/index.php?rest_route=%2Fwp%2Fv2%2Fmedia&parent=6748"}],"curies":[{"name":"wp","href":"https:\/\/api.w.org\/{rel}","templated":true}]}}