{"id":6725,"date":"2019-02-22T11:10:20","date_gmt":"2019-02-22T10:10:20","guid":{"rendered":"http:\/\/impreza.tsvbadkoenigshofen-tischtennis.de\/?page_id=6725"},"modified":"2024-08-14T11:47:30","modified_gmt":"2024-08-14T09:47:30","slug":"impressum","status":"publish","type":"page","link":"https:\/\/www.tsvbadkoenigshofen-tischtennis.de\/?page_id=6725","title":{"rendered":"Impressum"},"content":{"rendered":"<section class=\"l-section wpb_row height_medium\"><div class=\"l-section-h i-cf\"><div class=\"g-cols vc_row via_grid cols_1 laptops-cols_inherit tablets-cols_inherit mobiles-cols_1 valign_top type_default stacking_default\"><div class=\"wpb_column vc_column_container\"><div class=\"vc_column-inner\"><div class=\"wpb_text_column\"><div class=\"wpb_wrapper\"><p><strong>Angaben gem\u00e4\u00df \u00a7 5 TMG<\/strong><\/p>\n<p style=\"padding-left: 40px;\">TT Bad K\u00f6nigshofen GmbH<\/p>\n<p style=\"padding-left: 40px;\">Hennebergerstra\u00dfe 6<\/p>\n<p style=\"padding-left: 40px;\">97631 Bad K\u00f6nigshofen im Grabfeld<\/p>\n<p style=\"padding-left: 40px;\">Handelsregister: 8199<\/p>\n<p style=\"padding-left: 40px;\">Registergericht: Schweinfurt<\/p>\n<p>&nbsp;<\/p>\n<p><strong>Vertreten durch:<\/strong><\/p>\n<p style=\"padding-left: 40px;\">Andreas Albert<\/p>\n<p style=\"padding-left: 40px;\">Matthias Braun<\/p>\n<p>&nbsp;<\/p>\n<p><strong>Kontakt<\/strong><\/p>\n<p style=\"padding-left: 40px;\">Telefon: 08735\/2760232<\/p>\n<p style=\"padding-left: 40px;\">E-Mail: <a href=\"mailto:tischtennis@tsvbadkoenigshofen.de\">tischtennis@tsvbadkoenigshofen.de<\/a><\/p>\n<p>&nbsp;<\/p>\n<p><strong>Umsatzsteuer-ID<\/strong><\/p>\n<p style=\"padding-left: 40px;\">Umsatzsteuer-Identifikationsnummer gem\u00e4\u00df \u00a7 27 a Umsatzsteuergesetz: DE328663186<\/p>\n<p>&nbsp;<\/p>\n<p><strong>Redaktionell verantwortlich<\/strong><\/p>\n<p style=\"padding-left: 40px;\">Betreiber der Website.<\/p>\n<p>&nbsp;<\/p>\n<p><strong>EU-Streitschlichtung<\/strong><\/p>\n<p style=\"padding-left: 40px;\">Die Europ\u00e4ische Kommission stellt eine Plattform zur Online-Streitbeilegung (OS) bereit: https:\/\/ec.europa.eu\/consumers\/odr\/. Unsere E-Mail-Adresse finden Sie oben im Impressum.<\/p>\n<p>&nbsp;<\/p>\n<p><strong>Verbraucherstreitbeilegung\/Universalschlichtungsstelle<\/strong><\/p>\n<p style=\"padding-left: 40px;\">Wir sind nicht bereit oder verpflichtet, an Streitbeilegungsverfahren vor einer Verbraucherschlichtungsstelle teilzunehmen<\/p>\n<\/div><\/div><\/div><\/div><\/div><\/div><\/section>\n","protected":false},"excerpt":{"rendered":"Angaben gem\u00e4\u00df \u00a7 5 TMG TT Bad K\u00f6nigshofen GmbH Hennebergerstra\u00dfe 6 97631 Bad K\u00f6nigshofen im Grabfeld Handelsregister: 8199 Registergericht: Schweinfurt &nbsp; Vertreten durch: Andreas Albert Matthias Braun &nbsp; Kontakt Telefon: 08735\/2760232 E-Mail: tischtennis@tsvbadkoenigshofen.de &nbsp; Umsatzsteuer-ID Umsatzsteuer-Identifikationsnummer gem\u00e4\u00df \u00a7 27 a Umsatzsteuergesetz: DE328663186 &nbsp; Redaktionell verantwortlich Betreiber der Website. &nbsp; EU-Streitschlichtung Die Europ\u00e4ische Kommission stellt eine...","protected":false},"author":1,"featured_media":0,"parent":0,"menu_order":0,"comment_status":"closed","ping_status":"closed","template":"","meta":{"_acf_changed":false,"footnotes":""},"class_list":["post-6725","page","type-page","status-publish","hentry"],"acf":[],"_links":{"self":[{"href":"https:\/\/www.tsvbadkoenigshofen-tischtennis.de\/index.php?rest_route=\/wp\/v2\/pages\/6725","targetHints":{"allow":["GET"]}}],"collection":[{"href":"https:\/\/www.tsvbadkoenigshofen-tischtennis.de\/index.php?rest_route=\/wp\/v2\/pages"}],"about":[{"href":"https:\/\/www.tsvbadkoenigshofen-tischtennis.de\/index.php?rest_route=\/wp\/v2\/types\/page"}],"author":[{"embeddable":true,"href":"https:\/\/www.tsvbadkoenigshofen-tischtennis.de\/index.php?rest_route=\/wp\/v2\/users\/1"}],"replies":[{"embeddable":true,"href":"https:\/\/www.tsvbadkoenigshofen-tischtennis.de\/index.php?rest_route=%2Fwp%2Fv2%2Fcomments&post=6725"}],"version-history":[{"count":5,"href":"https:\/\/www.tsvbadkoenigshofen-tischtennis.de\/index.php?rest_route=\/wp\/v2\/pages\/6725\/revisions"}],"predecessor-version":[{"id":11244,"href":"https:\/\/www.tsvbadkoenigshofen-tischtennis.de\/index.php?rest_route=\/wp\/v2\/pages\/6725\/revisions\/11244"}],"wp:attachment":[{"href":"https:\/\/www.tsvbadkoenigshofen-tischtennis.de\/index.php?rest_route=%2Fwp%2Fv2%2Fmedia&parent=6725"}],"curies":[{"name":"wp","href":"https:\/\/api.w.org\/{rel}","templated":true}]}}