{"id":11845,"date":"2025-03-05T19:00:06","date_gmt":"2025-03-05T18:00:06","guid":{"rendered":"https:\/\/www.tsvbadkoenigshofen-tischtennis.de\/?page_id=11845"},"modified":"2025-09-17T14:15:50","modified_gmt":"2025-09-17T12:15:50","slug":"amateur-mannschaften","status":"publish","type":"page","link":"https:\/\/www.tsvbadkoenigshofen-tischtennis.de\/?page_id=11845","title":{"rendered":"Amateur &#8211;  Mannschaften"},"content":{"rendered":"<section class=\"l-section wpb_row height_medium\"><div class=\"l-section-h i-cf\"><div class=\"g-cols vc_row via_grid cols_1 laptops-cols_inherit tablets-cols_inherit mobiles-cols_1 valign_top type_default stacking_default\"><div class=\"wpb_column vc_column_container\"><div class=\"vc_column-inner\"><div class=\"wpb_text_column\"><div class=\"wpb_wrapper\"><h2 style=\"text-align: center;\"><strong><span style=\"font-family: arial, helvetica, sans-serif;\">2. Mannschaft<\/span><\/strong><\/h2>\n<\/div><\/div><\/div><\/div><\/div><\/div><\/section><section class=\"l-section wpb_row height_medium\"><div class=\"l-section-h i-cf\"><div class=\"g-cols vc_row via_grid cols_1-2 laptops-cols_inherit tablets-cols_inherit mobiles-cols_1 valign_top type_default stacking_default\"><div class=\"wpb_column vc_column_container\"><div class=\"vc_column-inner\"><div class=\"wpb_text_column\"><div class=\"wpb_wrapper\"><p><strong><span><span style=\"font-family: arial, helvetica, sans-serif;\">Das erkl\u00e4rte Ziel der Bundesligareserve, die in der vierten Liga, der Regionalliga S\u00fcd aufschl\u00e4gt, ist der Klassenerhalt.\u00a0<\/span><\/span><\/strong><\/p>\n<p><span style=\"font-family: arial, helvetica, sans-serif;\"><b>Bild von links nach rechts: \u00a0<\/b><\/span><\/p>\n<p><strong>Oleksii Naplokov, Kazuto Itagaki, Vova Nevizhyn, Arda Yenen, Hermann M\u00fchlbach<\/strong><\/p>\n<p><strong>Kontakt unter: \u00a0Hermann M\u00fchlbach: \u00a0E-Mail: h<\/strong><b>ermann.tt@web.de<\/b><\/p>\n<p>.<\/p>\n<\/div><\/div><div class=\"w-btn-wrapper align_none\"><a class=\"w-btn us-btn-style_1 icon_atleft\" href=\"https:\/\/www.mytischtennis.de\/clicktt\/DTTB\/25-26\/ligen\/Regionalliga-Sued\/gruppe\/493108\/bilanzuebersichten\/vr\/\"><i class=\"fas fa-video\"><\/i><span class=\"w-btn-label\">Spielplan\/Bilanzen<\/span><\/a><\/div><div class=\"w-btn-wrapper align_none\"><a class=\"w-btn us-btn-style_11\" href=\"https:\/\/www.mytischtennis.de\/clicktt\/DTTB\/25-26\/ligen\/Regionalliga-Sued\/gruppe\/493108\/tabelle\/gesamt\/\"><span class=\"w-btn-label\">Tabelle<\/span><\/a><\/div><\/div><\/div><div class=\"wpb_column vc_column_container\"><div class=\"vc_column-inner\"><div class=\"w-image align_none\"><div class=\"w-image-h\"><img decoding=\"async\" width=\"1024\" height=\"682\" src=\"https:\/\/www.tsvbadkoenigshofen-tischtennis.de\/wp-content\/uploads\/2025\/09\/02_DSC06595-1024x682.jpg\" class=\"attachment-large size-large\" alt=\"\" loading=\"lazy\" srcset=\"https:\/\/www.tsvbadkoenigshofen-tischtennis.de\/wp-content\/uploads\/2025\/09\/02_DSC06595-1024x682.jpg 1024w, https:\/\/www.tsvbadkoenigshofen-tischtennis.de\/wp-content\/uploads\/2025\/09\/02_DSC06595-300x200.jpg 300w, https:\/\/www.tsvbadkoenigshofen-tischtennis.de\/wp-content\/uploads\/2025\/09\/02_DSC06595-600x400.jpg 600w, https:\/\/www.tsvbadkoenigshofen-tischtennis.de\/wp-content\/uploads\/2025\/09\/02_DSC06595.jpg 1800w\" sizes=\"auto, (max-width: 1024px) 100vw, 1024px\" \/><\/div><\/div><\/div><\/div><\/div><\/div><\/section><section class=\"l-section wpb_row height_medium\"><div class=\"l-section-h i-cf\"><div class=\"g-cols vc_row via_grid cols_1 laptops-cols_inherit tablets-cols_inherit mobiles-cols_1 valign_top type_default stacking_default\"><div class=\"wpb_column vc_column_container\"><div class=\"vc_column-inner\"><div class=\"wpb_text_column\"><div class=\"wpb_wrapper\"><h2 style=\"text-align: center;\"><strong><span style=\"font-family: arial, helvetica, sans-serif;\">3. Mannschaft<\/span><\/strong><\/h2>\n<\/div><\/div><\/div><\/div><\/div><\/div><\/section><section class=\"l-section wpb_row height_medium\"><div class=\"l-section-h i-cf\"><div class=\"g-cols vc_row via_grid cols_1-2 laptops-cols_inherit tablets-cols_inherit mobiles-cols_1 valign_top type_default stacking_default\"><div class=\"wpb_column vc_column_container\"><div class=\"vc_column-inner\"><div class=\"wpb_text_column\"><div class=\"wpb_wrapper\"><p><strong><span style=\"font-family: arial, helvetica, sans-serif;\">Unsere Dritte spielt in der Verbandsoberliga Nord<\/span><\/strong><\/p>\n<p>&nbsp;<\/p>\n<p>&nbsp;<\/p>\n<p><strong>Kontakt unter: \u00a0josef.ort@gmx.de<\/strong><\/p>\n<p>.<\/p>\n<\/div><\/div><div class=\"w-btn-wrapper align_none\"><a class=\"w-btn us-btn-style_1 icon_atleft\" href=\"https:\/\/www.mytischtennis.de\/clicktt\/ByTTV\/24-25\/ligen\/Herren-Bezirksklasse-A-Gruppe-1-Nordost-Bayerischer-TTV-Unterfranken-Nord-\/gruppe\/466702\/mannschaft\/2822429\/TSV-Bad-Koenigshofen-V\/spielerbilanzen\/gesamt\/\"><i class=\"fas fa-video\"><\/i><span class=\"w-btn-label\">Spielplan\/Bilanzen<\/span><\/a><\/div><div class=\"w-btn-wrapper align_none\"><a class=\"w-btn us-btn-style_11\" href=\"https:\/\/www.mytischtennis.de\/clicktt\/ByTTV\/24-25\/ligen\/Herren-Bezirksklasse-A-Gruppe-1-Nordost-Bayerischer-TTV-Unterfranken-Nord-\/gruppe\/466702\/mannschaft\/2822429\/TSV-Bad-Koenigshofen-V\/spielplan\/aktuell\/\"><span class=\"w-btn-label\">Tabelle<\/span><\/a><\/div><div class=\"wpb_text_column\"><div class=\"wpb_wrapper\"><p>Auf dem Bild von links nach rechts: \u00a0Josef Ort, Maria Deutsch, Shinobu Itagaki, Simon N\u00e4tscher<\/p>\n<\/div><\/div><\/div><\/div><div class=\"wpb_column vc_column_container\"><div class=\"vc_column-inner\"><div class=\"w-image align_none\"><div class=\"w-image-h\"><img decoding=\"async\" width=\"827\" height=\"540\" src=\"https:\/\/www.tsvbadkoenigshofen-tischtennis.de\/wp-content\/uploads\/2025\/09\/3-mannschaft.jpg\" class=\"attachment-large size-large\" alt=\"\" loading=\"lazy\" srcset=\"https:\/\/www.tsvbadkoenigshofen-tischtennis.de\/wp-content\/uploads\/2025\/09\/3-mannschaft.jpg 827w, https:\/\/www.tsvbadkoenigshofen-tischtennis.de\/wp-content\/uploads\/2025\/09\/3-mannschaft-300x196.jpg 300w, https:\/\/www.tsvbadkoenigshofen-tischtennis.de\/wp-content\/uploads\/2025\/09\/3-mannschaft-600x392.jpg 600w\" sizes=\"auto, (max-width: 827px) 100vw, 827px\" \/><\/div><\/div><\/div><\/div><\/div><\/div><\/section><section class=\"l-section wpb_row height_medium\"><div class=\"l-section-h i-cf\"><div class=\"g-cols vc_row via_grid cols_1 laptops-cols_inherit tablets-cols_inherit mobiles-cols_1 valign_top type_default stacking_default\"><div class=\"wpb_column vc_column_container\"><div class=\"vc_column-inner\"><div class=\"wpb_text_column\"><div class=\"wpb_wrapper\"><h2 style=\"text-align: center;\"><strong><span style=\"font-family: arial, helvetica, sans-serif;\">4. Mannschaft<\/span><\/strong><\/h2>\n<\/div><\/div><\/div><\/div><\/div><\/div><\/section><section class=\"l-section wpb_row height_medium\"><div class=\"l-section-h i-cf\"><div class=\"g-cols vc_row via_grid cols_1-2 laptops-cols_inherit tablets-cols_inherit mobiles-cols_1 valign_top type_default stacking_default\"><div class=\"wpb_column vc_column_container\"><div class=\"vc_column-inner\"><div class=\"wpb_text_column\"><div class=\"wpb_wrapper\"><p><strong><span style=\"font-family: arial, helvetica, sans-serif;\">Unsere Vierte spielt in der Bezirksoberliga Unterfranken Nord.<\/span><\/strong><\/p>\n<p><strong><span><span style=\"font-family: arial, helvetica, sans-serif;\">Kapit\u00e4n ist Simon N\u00e4tscher<\/span><\/span><\/strong><\/p>\n<p>&nbsp;<\/p>\n<p><strong>Kontakt unter: \u00a0<\/strong><\/p>\n<p>Bild von links nach rechts: \u00a0Johannes Heusinger, Valentin Heumann, Hilmar Treiber, Martin Bayer<\/p>\n<\/div><\/div><div class=\"w-btn-wrapper align_none\"><a class=\"w-btn us-btn-style_1 icon_atleft\" href=\"https:\/\/www.mytischtennis.de\/clicktt\/ByTTV\/24-25\/ligen\/Herren-Bezirksoberliga-Bayerischer-TTV-Unterfranken-Nord-\/gruppe\/467058\/mannschaft\/2821096\/TSV-Bad-Koenigshofen-IV\/spielerbilanzen\/gesamt\/\"><i class=\"fas fa-video\"><\/i><span class=\"w-btn-label\">Spielplan\/Bilanzen<\/span><\/a><\/div><div class=\"w-btn-wrapper align_none\"><a class=\"w-btn us-btn-style_11\" href=\"https:\/\/www.mytischtennis.de\/clicktt\/ByTTV\/24-25\/ligen\/Herren-Bezirksoberliga-Bayerischer-TTV-Unterfranken-Nord-\/gruppe\/467058\/mannschaft\/2821096\/TSV-Bad-Koenigshofen-IV\/spielplan\/aktuell\/\"><span class=\"w-btn-label\">Tabelle<\/span><\/a><\/div><\/div><\/div><div class=\"wpb_column vc_column_container\"><div class=\"vc_column-inner\"><div class=\"w-image align_none\"><div class=\"w-image-h\"><img decoding=\"async\" width=\"1024\" height=\"768\" src=\"https:\/\/www.tsvbadkoenigshofen-tischtennis.de\/wp-content\/uploads\/2025\/09\/01_image51-1024x768.jpeg\" class=\"attachment-large size-large\" alt=\"\" loading=\"lazy\" srcset=\"https:\/\/www.tsvbadkoenigshofen-tischtennis.de\/wp-content\/uploads\/2025\/09\/01_image51-1024x768.jpeg 1024w, https:\/\/www.tsvbadkoenigshofen-tischtennis.de\/wp-content\/uploads\/2025\/09\/01_image51-300x225.jpeg 300w, https:\/\/www.tsvbadkoenigshofen-tischtennis.de\/wp-content\/uploads\/2025\/09\/01_image51-600x450.jpeg 600w, https:\/\/www.tsvbadkoenigshofen-tischtennis.de\/wp-content\/uploads\/2025\/09\/01_image51.jpeg 2000w\" sizes=\"auto, (max-width: 1024px) 100vw, 1024px\" \/><\/div><\/div><\/div><\/div><\/div><\/div><\/section><section class=\"l-section wpb_row height_medium\"><div class=\"l-section-h i-cf\"><div class=\"g-cols vc_row via_grid cols_1 laptops-cols_inherit tablets-cols_inherit mobiles-cols_1 valign_top type_default stacking_default\"><div class=\"wpb_column vc_column_container\"><div class=\"vc_column-inner\"><div class=\"wpb_text_column\"><div class=\"wpb_wrapper\"><h2 style=\"text-align: center;\"><strong><span style=\"font-family: arial, helvetica, sans-serif;\">5. Mannschaft<\/span><\/strong><\/h2>\n<\/div><\/div><\/div><\/div><\/div><\/div><\/section><section class=\"l-section wpb_row height_medium\"><div class=\"l-section-h i-cf\"><div class=\"g-cols vc_row via_grid cols_1-2 laptops-cols_inherit tablets-cols_inherit mobiles-cols_1 valign_top type_default stacking_default\"><div class=\"wpb_column vc_column_container\"><div class=\"vc_column-inner\"><div class=\"wpb_text_column\"><div class=\"wpb_wrapper\"><p><strong><span style=\"font-family: arial, helvetica, sans-serif;\">Die Mannschaft um Kapit\u00e4n Matthias Braun m\u00f6chte um die Meisterschaft mitspielen. Sie spielt in der Bezirksklasse A Gruppe 1 Nord-Ost<\/span><\/strong><\/p>\n<p><strong>Kontakt unter: \u00a0Matthias-Braun@magenta.de<\/strong><\/p>\n<p>.<\/p>\n<\/div><\/div><div class=\"w-btn-wrapper align_none\"><a class=\"w-btn us-btn-style_1 icon_atleft\" href=\"https:\/\/www.mytischtennis.de\/clicktt\/ByTTV\/24-25\/ligen\/Herren-Bezirksklasse-A-Gruppe-1-Nordost-Bayerischer-TTV-Unterfranken-Nord-\/gruppe\/466702\/mannschaft\/2822429\/TSV-Bad-Koenigshofen-V\/spielerbilanzen\/gesamt\/\"><i class=\"fas fa-video\"><\/i><span class=\"w-btn-label\">Spielplan\/Bilanzen<\/span><\/a><\/div><div class=\"w-btn-wrapper align_none\"><a class=\"w-btn us-btn-style_11\" href=\"https:\/\/www.mytischtennis.de\/clicktt\/ByTTV\/24-25\/ligen\/Herren-Bezirksklasse-A-Gruppe-1-Nordost-Bayerischer-TTV-Unterfranken-Nord-\/gruppe\/466702\/mannschaft\/2822429\/TSV-Bad-Koenigshofen-V\/spielplan\/aktuell\/\"><span class=\"w-btn-label\">Tabelle<\/span><\/a><\/div><div class=\"wpb_text_column\"><div class=\"wpb_wrapper\"><p>Auf dem Bild von links nach rechts: \u00a0Hilmar Treiber, Johannes Heusinger, Viki Zirkelbach, Matthias Braun<\/p>\n<\/div><\/div><\/div><\/div><div class=\"wpb_column vc_column_container\"><div class=\"vc_column-inner\"><div class=\"w-image align_none\"><div class=\"w-image-h\"><img decoding=\"async\" width=\"978\" height=\"642\" src=\"https:\/\/www.tsvbadkoenigshofen-tischtennis.de\/wp-content\/uploads\/2025\/03\/PHOTO-2025-03-09-14-48-58.jpg\" class=\"attachment-large size-large\" alt=\"\" loading=\"lazy\" srcset=\"https:\/\/www.tsvbadkoenigshofen-tischtennis.de\/wp-content\/uploads\/2025\/03\/PHOTO-2025-03-09-14-48-58.jpg 978w, https:\/\/www.tsvbadkoenigshofen-tischtennis.de\/wp-content\/uploads\/2025\/03\/PHOTO-2025-03-09-14-48-58-300x197.jpg 300w, https:\/\/www.tsvbadkoenigshofen-tischtennis.de\/wp-content\/uploads\/2025\/03\/PHOTO-2025-03-09-14-48-58-600x394.jpg 600w\" sizes=\"auto, (max-width: 978px) 100vw, 978px\" \/><\/div><\/div><\/div><\/div><\/div><\/div><\/section><section class=\"l-section wpb_row height_medium\"><div class=\"l-section-h i-cf\"><div class=\"g-cols vc_row via_grid cols_1 laptops-cols_inherit tablets-cols_inherit mobiles-cols_1 valign_top type_default stacking_default\"><div class=\"wpb_column vc_column_container\"><div class=\"vc_column-inner\"><div class=\"wpb_text_column\"><div class=\"wpb_wrapper\"><h2 style=\"text-align: center;\"><strong><span style=\"font-family: arial, helvetica, sans-serif;\">6. Mannschaft<\/span><\/strong><\/h2>\n<\/div><\/div><\/div><\/div><\/div><\/div><\/section><section class=\"l-section wpb_row height_medium\"><div class=\"l-section-h i-cf\"><div class=\"g-cols vc_row via_grid cols_1-2 laptops-cols_inherit tablets-cols_inherit mobiles-cols_1 valign_top type_default stacking_default\"><div class=\"wpb_column vc_column_container\"><div class=\"vc_column-inner\"><div class=\"wpb_text_column\"><div class=\"wpb_wrapper\"><p><strong><span style=\"font-family: arial, helvetica, sans-serif;\">Die Mannschaft von Kapit\u00e4n Thorsten B\u00fcttner spielt in der Bezirksklasse B Gruppe 1 Nord-Ost.<\/span><\/strong><\/p>\n<p><strong>Sie rekrutiert sich aus einem Pool von Spielern<\/strong>: Martin Bayer, Simon N\u00e4tscher, J\u00fcrgen Hippold, Heiko Seger, Thomas Bier, Hilmar Treiber, Katrin Blechschmidt, Andreas Aman, J\u00fcrgen Wacher, Mina K\u00fchlwein-T\u00fcchert,<\/p>\n<p><strong><span style=\"font-family: arial, helvetica, sans-serif;\">Auf dem Bild von links nach rechts:<\/span><\/strong><\/p>\n<p><strong><span style=\"font-family: arial, helvetica, sans-serif;\">Thomas Bier, Katrin Blechschmidt, Nina\u00a0<\/span><\/strong><span style=\"font-family: arial, helvetica, sans-serif;\"><b>K\u00fchlwein-T\u00fcchert, J\u00fcrgen Hippold<\/b><\/span><\/p>\n<p><strong>Kontakt unter: thorsten.buettner@gmx.de<\/strong><\/p>\n<p>.<\/p>\n<\/div><\/div><div class=\"w-btn-wrapper align_none\"><a class=\"w-btn us-btn-style_1 icon_atleft\" href=\"https:\/\/www.mytischtennis.de\/clicktt\/ByTTV\/24-25\/ligen\/Herren-Bezirksklasse-A-Gruppe-1-Nordost-Bayerischer-TTV-Unterfranken-Nord-\/gruppe\/466702\/mannschaft\/2822429\/TSV-Bad-Koenigshofen-V\/spielerbilanzen\/gesamt\/\"><i class=\"fas fa-video\"><\/i><span class=\"w-btn-label\">Spielplan\/Bilanzen<\/span><\/a><\/div><div class=\"w-btn-wrapper align_none\"><a class=\"w-btn us-btn-style_11\" href=\"https:\/\/www.mytischtennis.de\/clicktt\/ByTTV\/24-25\/ligen\/Herren-Bezirksklasse-A-Gruppe-1-Nordost-Bayerischer-TTV-Unterfranken-Nord-\/gruppe\/466702\/mannschaft\/2822429\/TSV-Bad-Koenigshofen-V\/spielplan\/aktuell\/\"><span class=\"w-btn-label\">Tabelle<\/span><\/a><\/div><div class=\"wpb_text_column\"><div class=\"wpb_wrapper\"><p>Auf dem Bild von links nach rechts: \u00a0Thomas Bier, Katrin Blechschmidt, Nina K\u00fchlwein-T\u00fcchert, J\u00fcrgen Hippold<\/p>\n<\/div><\/div><\/div><\/div><div class=\"wpb_column vc_column_container\"><div class=\"vc_column-inner\"><div class=\"w-image align_none\"><div class=\"w-image-h\"><img decoding=\"async\" width=\"1024\" height=\"783\" src=\"https:\/\/www.tsvbadkoenigshofen-tischtennis.de\/wp-content\/uploads\/2025\/02\/12787ae5-b8b6-4e16-99ed-fb9b482577f0-e1739806456116-1024x783.jpg\" class=\"attachment-large size-large\" alt=\"\" loading=\"lazy\" srcset=\"https:\/\/www.tsvbadkoenigshofen-tischtennis.de\/wp-content\/uploads\/2025\/02\/12787ae5-b8b6-4e16-99ed-fb9b482577f0-e1739806456116-1024x783.jpg 1024w, https:\/\/www.tsvbadkoenigshofen-tischtennis.de\/wp-content\/uploads\/2025\/02\/12787ae5-b8b6-4e16-99ed-fb9b482577f0-e1739806456116-300x229.jpg 300w, https:\/\/www.tsvbadkoenigshofen-tischtennis.de\/wp-content\/uploads\/2025\/02\/12787ae5-b8b6-4e16-99ed-fb9b482577f0-e1739806456116-600x459.jpg 600w, https:\/\/www.tsvbadkoenigshofen-tischtennis.de\/wp-content\/uploads\/2025\/02\/12787ae5-b8b6-4e16-99ed-fb9b482577f0-e1739806456116.jpg 1200w\" sizes=\"auto, (max-width: 1024px) 100vw, 1024px\" \/><\/div><\/div><\/div><\/div><\/div><\/div><\/section><section class=\"l-section wpb_row height_medium\"><div class=\"l-section-h i-cf\"><div class=\"g-cols vc_row via_grid cols_1 laptops-cols_inherit tablets-cols_inherit mobiles-cols_1 valign_top type_default stacking_default\"><div class=\"wpb_column vc_column_container\"><div class=\"vc_column-inner\"><div class=\"wpb_text_column\"><div class=\"wpb_wrapper\"><h2 style=\"text-align: center;\"><strong><span style=\"font-family: arial, helvetica, sans-serif;\">7. Mannschaft<\/span><\/strong><\/h2>\n<\/div><\/div><\/div><\/div><\/div><\/div><\/section><section class=\"l-section wpb_row height_medium\"><div class=\"l-section-h i-cf\"><div class=\"g-cols vc_row via_grid cols_1-2 laptops-cols_inherit tablets-cols_inherit mobiles-cols_1 valign_top type_default stacking_default\"><div class=\"wpb_column vc_column_container\"><div class=\"vc_column-inner\"><div class=\"wpb_text_column\"><div class=\"wpb_wrapper\"><p><strong><span><span style=\"font-family: arial, helvetica, sans-serif;\">Mannschaftsf\u00fchrerin unserer 7. Mannschaft ist Lisa\u00a0Thau \u00a0Das\u00a0Team\u00a0spielt in der Bezirksklasse D Gruppe 2 Nord-Ost 2<\/span><\/span><\/strong><\/p>\n<p><strong><span><span style=\"font-family: arial, helvetica, sans-serif;\">Im\u00a0Team werden eingesetzt: Lisa\u00a0<\/span><\/span><\/strong><span style=\"font-family: arial, helvetica, sans-serif;\"><b>Thau, Marc Platz\u00f6der, Eugen Michel, Wachmer J\u00fcrgen, Aman Andreas, Hippold J\u00fcrgen,\u00a0<\/b><\/span><\/p>\n<p><strong>Kontakt unter: \u00a0mail.lt@web.de<\/strong><\/p>\n<p>.<\/p>\n<\/div><\/div><div class=\"w-btn-wrapper align_none\"><a class=\"w-btn us-btn-style_1 icon_atleft\" href=\"https:\/\/www.mytischtennis.de\/clicktt\/ByTTV\/24-25\/ligen\/Herren-Bezirksklasse-D-Gruppe-2-Nordost-2-Bayerischer-TTV-Unterfranken-Nord-\/gruppe\/466711\/mannschaft\/2857527\/TSV-Bad-Koenigshofen-VII\/spielerbilanzen\/gesamt\/\"><i class=\"fas fa-video\"><\/i><span class=\"w-btn-label\">Spielplan\/Bilanzen<\/span><\/a><\/div><div class=\"w-btn-wrapper align_none\"><a class=\"w-btn us-btn-style_11\" href=\"https:\/\/www.mytischtennis.de\/clicktt\/ByTTV\/24-25\/ligen\/Herren-Bezirksklasse-D-Gruppe-2-Nordost-2-Bayerischer-TTV-Unterfranken-Nord-\/gruppe\/466711\/mannschaft\/2857527\/TSV-Bad-Koenigshofen-VII\/spielplan\/gesamt\/\"><span class=\"w-btn-label\">Tabelle<\/span><\/a><\/div><\/div><\/div><div class=\"wpb_column vc_column_container\"><div class=\"vc_column-inner\"><div class=\"w-image align_none\"><div class=\"w-image-h\"><img decoding=\"async\" width=\"964\" height=\"1024\" src=\"https:\/\/www.tsvbadkoenigshofen-tischtennis.de\/wp-content\/uploads\/2019\/08\/TSVLogoFlagge-964x1024.jpg\" class=\"attachment-large size-large\" alt=\"\" loading=\"lazy\" srcset=\"https:\/\/www.tsvbadkoenigshofen-tischtennis.de\/wp-content\/uploads\/2019\/08\/TSVLogoFlagge-964x1024.jpg 964w, https:\/\/www.tsvbadkoenigshofen-tischtennis.de\/wp-content\/uploads\/2019\/08\/TSVLogoFlagge-282x300.jpg 282w, https:\/\/www.tsvbadkoenigshofen-tischtennis.de\/wp-content\/uploads\/2019\/08\/TSVLogoFlagge-600x637.jpg 600w, https:\/\/www.tsvbadkoenigshofen-tischtennis.de\/wp-content\/uploads\/2019\/08\/TSVLogoFlagge.jpg 1297w\" sizes=\"auto, (max-width: 964px) 100vw, 964px\" \/><\/div><\/div><\/div><\/div><\/div><\/div><\/section>\n","protected":false},"excerpt":{"rendered":"2. Mannschaft Das erkl\u00e4rte Ziel der Bundesligareserve, die in der vierten Liga, der Regionalliga S\u00fcd aufschl\u00e4gt, ist der Klassenerhalt.\u00a0 Bild von links nach rechts: \u00a0 Oleksii Naplokov, Kazuto Itagaki, Vova Nevizhyn, Arda Yenen, Hermann M\u00fchlbach Kontakt unter: \u00a0Hermann M\u00fchlbach: \u00a0E-Mail: hermann.tt@web.de . Spielplan\/BilanzenTabelle3. Mannschaft Unsere Dritte spielt in der Verbandsoberliga Nord &nbsp; &nbsp; Kontakt unter:...","protected":false},"author":1,"featured_media":0,"parent":0,"menu_order":0,"comment_status":"closed","ping_status":"closed","template":"","meta":{"_acf_changed":false,"footnotes":""},"class_list":["post-11845","page","type-page","status-publish","hentry"],"acf":[],"_links":{"self":[{"href":"https:\/\/www.tsvbadkoenigshofen-tischtennis.de\/index.php?rest_route=\/wp\/v2\/pages\/11845","targetHints":{"allow":["GET"]}}],"collection":[{"href":"https:\/\/www.tsvbadkoenigshofen-tischtennis.de\/index.php?rest_route=\/wp\/v2\/pages"}],"about":[{"href":"https:\/\/www.tsvbadkoenigshofen-tischtennis.de\/index.php?rest_route=\/wp\/v2\/types\/page"}],"author":[{"embeddable":true,"href":"https:\/\/www.tsvbadkoenigshofen-tischtennis.de\/index.php?rest_route=\/wp\/v2\/users\/1"}],"replies":[{"embeddable":true,"href":"https:\/\/www.tsvbadkoenigshofen-tischtennis.de\/index.php?rest_route=%2Fwp%2Fv2%2Fcomments&post=11845"}],"version-history":[{"count":36,"href":"https:\/\/www.tsvbadkoenigshofen-tischtennis.de\/index.php?rest_route=\/wp\/v2\/pages\/11845\/revisions"}],"predecessor-version":[{"id":13346,"href":"https:\/\/www.tsvbadkoenigshofen-tischtennis.de\/index.php?rest_route=\/wp\/v2\/pages\/11845\/revisions\/13346"}],"wp:attachment":[{"href":"https:\/\/www.tsvbadkoenigshofen-tischtennis.de\/index.php?rest_route=%2Fwp%2Fv2%2Fmedia&parent=11845"}],"curies":[{"name":"wp","href":"https:\/\/api.w.org\/{rel}","templated":true}]}}